{"id":2827,"date":"2022-06-30T02:21:52","date_gmt":"2022-06-30T09:21:52","guid":{"rendered":"https:\/\/pheromonehelper.ca\/cropgain\/"},"modified":"2023-10-18T20:29:10","modified_gmt":"2023-10-19T03:29:10","slug":"cropgain","status":"publish","type":"page","link":"https:\/\/pheromonehelper.ca\/es\/cropgain\/","title":{"rendered":"CropGain"},"content":{"rendered":"\t\t<div data-elementor-type=\"wp-page\" data-elementor-id=\"2827\" class=\"elementor elementor-2827 elementor-185\" data-elementor-post-type=\"page\">\n\t\t\t\t<div class=\"elementor-element elementor-element-2da27553 e-con-full e-flex e-con e-parent\" data-id=\"2da27553\" data-element_type=\"container\" data-e-type=\"container\" data-settings=\"{&quot;background_background&quot;:&quot;classic&quot;}\">\n\t\t<div class=\"elementor-element elementor-element-b658f76 e-con-full e-flex e-con e-child\" data-id=\"b658f76\" data-element_type=\"container\" data-e-type=\"container\" data-settings=\"{&quot;background_background&quot;:&quot;classic&quot;}\">\n\t\t\t\t<div class=\"elementor-element elementor-element-2a12b90 elementor-widget elementor-widget-spacer\" data-id=\"2a12b90\" data-element_type=\"widget\" data-e-type=\"widget\" data-widget_type=\"spacer.default\">\n\t\t\t\t<div class=\"elementor-widget-container\">\n\t\t\t\t\t\t\t<div class=\"elementor-spacer\">\n\t\t\t<div class=\"elementor-spacer-inner\"><\/div>\n\t\t<\/div>\n\t\t\t\t\t\t<\/div>\n\t\t\t\t<\/div>\n\t\t\t\t<\/div>\n\t\t<div class=\"elementor-element elementor-element-1314121e e-con-full e-flex e-con e-child\" data-id=\"1314121e\" data-element_type=\"container\" data-e-type=\"container\">\n\t\t\t\t<div class=\"elementor-element elementor-element-18038cd3 elementor-widget elementor-widget-heading\" data-id=\"18038cd3\" data-element_type=\"widget\" data-e-type=\"widget\" data-widget_type=\"heading.default\">\n\t\t\t\t<div class=\"elementor-widget-container\">\n\t\t\t\t\t<h3 class=\"elementor-heading-title elementor-size-default\">PRODUCTOS CATCHY<\/h3>\t\t\t\t<\/div>\n\t\t\t\t<\/div>\n\t\t\t\t<div class=\"elementor-element elementor-element-695450d6 elementor-widget elementor-widget-heading\" data-id=\"695450d6\" data-element_type=\"widget\" data-e-type=\"widget\" data-widget_type=\"heading.default\">\n\t\t\t\t<div class=\"elementor-widget-container\">\n\t\t\t\t\t<h1 class=\"elementor-heading-title elementor-size-default\">CropGain<\/h1>\t\t\t\t<\/div>\n\t\t\t\t<\/div>\n\t\t\t\t<div class=\"elementor-element elementor-element-c661f9e elementor-widget elementor-widget-heading\" data-id=\"c661f9e\" data-element_type=\"widget\" data-e-type=\"widget\" data-widget_type=\"heading.default\">\n\t\t\t\t<div class=\"elementor-widget-container\">\n\t\t\t\t\t<h2 class=\"elementor-heading-title elementor-size-default\">Un spray \u00fanico para mejorar la polinizaci\u00f3n<\/h2>\t\t\t\t<\/div>\n\t\t\t\t<\/div>\n\t\t\t\t<div class=\"elementor-element elementor-element-41dafb77 elementor-widget elementor-widget-text-editor\" data-id=\"41dafb77\" data-element_type=\"widget\" data-e-type=\"widget\" data-widget_type=\"text-editor.default\">\n\t\t\t\t<div class=\"elementor-widget-container\">\n\t\t\t\t\t\t\t\t\t<p>Las flores deben polinizarse lo suficiente, de lo contrario los frutos pueden deformarse. CropGain ayuda a atraer a las abejas mel\u00edferas a las flores de diversos cultivos. A m\u00e1s visitas, mejor polinizaci\u00f3n, mejor cuajado y mayor cosecha. Utilice CropGain en diversos cultivos de su huerto: jud\u00edas, ar\u00e1ndanos, mel\u00f3n, pepinos, berenjenas, pimientos verdes, guisantes, calabazas, frambuesas, calabacines, fresas, tomates, sand\u00edas y calabacines, por nombrar algunos.<\/p>\n\t\t\t\t\t\t\t\t<\/div>\n\t\t\t\t<\/div>\n\t\t\t\t<\/div>\n\t\t\t\t<\/div>\n\t\t<div class=\"elementor-element elementor-element-3f311640 e-con-full e-flex e-con e-parent\" data-id=\"3f311640\" data-element_type=\"container\" data-e-type=\"container\">\n\t\t\t\t<div class=\"elementor-element elementor-element-544bedfc elementor-invisible elementor-widget elementor-widget-heading\" data-id=\"544bedfc\" data-element_type=\"widget\" data-e-type=\"widget\" data-settings=\"{&quot;_animation&quot;:&quot;fadeIn&quot;,&quot;_animation_delay&quot;:100}\" data-widget_type=\"heading.default\">\n\t\t\t\t<div class=\"elementor-widget-container\">\n\t\t\t\t\t<h3 class=\"elementor-heading-title elementor-size-default\">Preguntas frecuentes<\/h3>\t\t\t\t<\/div>\n\t\t\t\t<\/div>\n\t\t\t\t<div class=\"elementor-element elementor-element-364544ee elementor-widget-divider--view-line elementor-invisible elementor-widget elementor-widget-divider\" data-id=\"364544ee\" data-element_type=\"widget\" data-e-type=\"widget\" data-settings=\"{&quot;_animation&quot;:&quot;fadeIn&quot;,&quot;_animation_delay&quot;:300}\" data-widget_type=\"divider.default\">\n\t\t\t\t<div class=\"elementor-widget-container\">\n\t\t\t\t\t\t\t<div class=\"elementor-divider\">\n\t\t\t<span class=\"elementor-divider-separator\">\n\t\t\t\t\t\t<\/span>\n\t\t<\/div>\n\t\t\t\t\t\t<\/div>\n\t\t\t\t<\/div>\n\t\t\t\t<div class=\"elementor-element elementor-element-1e7fb8ce elementor-widget elementor-widget-heading\" data-id=\"1e7fb8ce\" data-element_type=\"widget\" data-e-type=\"widget\" data-widget_type=\"heading.default\">\n\t\t\t\t<div class=\"elementor-widget-container\">\n\t\t\t\t\t<h2 class=\"elementor-heading-title elementor-size-default\">Especificaciones del producto<\/h2>\t\t\t\t<\/div>\n\t\t\t\t<\/div>\n\t\t\t\t<\/div>\n\t\t<div class=\"elementor-element elementor-element-36564d19 e-con-full e-flex e-con e-parent\" data-id=\"36564d19\" data-element_type=\"container\" data-e-type=\"container\">\n\t\t<div class=\"elementor-element elementor-element-2de90fa1 e-con-full e-flex e-con e-child\" data-id=\"2de90fa1\" data-element_type=\"container\" data-e-type=\"container\">\n\t\t\t\t<div class=\"elementor-element elementor-element-1b0cb833 elementor-widget elementor-widget-accordion\" data-id=\"1b0cb833\" data-element_type=\"widget\" data-e-type=\"widget\" data-widget_type=\"accordion.default\">\n\t\t\t\t<div class=\"elementor-widget-container\">\n\t\t\t\t\t\t\t<div class=\"elementor-accordion\">\n\t\t\t\t\t\t\t<div class=\"elementor-accordion-item\">\n\t\t\t\t\t<div id=\"elementor-tab-title-4531\" class=\"elementor-tab-title\" data-tab=\"1\" role=\"button\" aria-controls=\"elementor-tab-content-4531\" aria-expanded=\"false\">\n\t\t\t\t\t\t\t\t\t\t\t\t\t<span class=\"elementor-accordion-icon elementor-accordion-icon-right\" aria-hidden=\"true\">\n\t\t\t\t\t\t\t\t\t\t\t\t\t\t\t<span class=\"elementor-accordion-icon-closed\"><i class=\"fas fa-angle-down\"><\/i><\/span>\n\t\t\t\t\t\t\t\t<span class=\"elementor-accordion-icon-opened\"><i class=\"fas fa-angle-up\"><\/i><\/span>\n\t\t\t\t\t\t\t\t\t\t\t\t\t\t<\/span>\n\t\t\t\t\t\t\t\t\t\t\t\t<a class=\"elementor-accordion-title\" tabindex=\"0\">Introducci\u00f3n<\/a>\n\t\t\t\t\t<\/div>\n\t\t\t\t\t<div id=\"elementor-tab-content-4531\" class=\"elementor-tab-content elementor-clearfix\" data-tab=\"1\" role=\"region\" aria-labelledby=\"elementor-tab-title-4531\"><p>Las abejas desempe\u00f1an un papel muy importante en la agricultura moderna. Muchos cultivos, como las cerezas y los ar\u00e1ndanos, dependen casi por completo de las abejas mel\u00edferas para su polinizaci\u00f3n. Se calcula que el valor total de la polinizaci\u00f3n para la agricultura estadounidense es de unos 14.600 millones de d\u00f3lares. La misma estimaci\u00f3n para la agricultura canadiense es de 782 millones de d\u00f3lares.<\/p>\n<p>Las abejas de la miel s\u00f3lo vuelan en d\u00edas despejados, cuando la temperatura es superior a 13\u00baC (55\u00baF) y el viento es m\u00ednimo. Las flores deben polinizarse lo suficiente, de lo contrario los frutos pueden deformarse. CropGain ayuda a atraer a las abejas mel\u00edferas a las flores de diversos cultivos. CropGain es un spray \u00fanico para mejorar la polinizaci\u00f3n. Su principio activo hace que las abejas mel\u00edferas visiten m\u00e1s flores y pasen m\u00e1s tiempo en ellas. A m\u00e1s visitas, mejor polinizaci\u00f3n, mejor cuajado y mayor cosecha.<\/p>\n<p>Utilice CropGain en una gran variedad de cultivos de su huerto: jud\u00edas, ar\u00e1ndanos, mel\u00f3n, pepinos, berenjenas, pimientos verdes, guisantes, calabazas, frambuesas, calabacines, fresas, tomates, sand\u00edas y calabacines, por nombrar algunos.<\/p>\n<\/div>\n\t\t\t\t<\/div>\n\t\t\t\t\t\t\t<div class=\"elementor-accordion-item\">\n\t\t\t\t\t<div id=\"elementor-tab-title-4532\" class=\"elementor-tab-title\" data-tab=\"2\" role=\"button\" aria-controls=\"elementor-tab-content-4532\" aria-expanded=\"false\">\n\t\t\t\t\t\t\t\t\t\t\t\t\t<span class=\"elementor-accordion-icon elementor-accordion-icon-right\" aria-hidden=\"true\">\n\t\t\t\t\t\t\t\t\t\t\t\t\t\t\t<span class=\"elementor-accordion-icon-closed\"><i class=\"fas fa-angle-down\"><\/i><\/span>\n\t\t\t\t\t\t\t\t<span class=\"elementor-accordion-icon-opened\"><i class=\"fas fa-angle-up\"><\/i><\/span>\n\t\t\t\t\t\t\t\t\t\t\t\t\t\t<\/span>\n\t\t\t\t\t\t\t\t\t\t\t\t<a class=\"elementor-accordion-title\" tabindex=\"0\">Instrucciones de uso<\/a>\n\t\t\t\t\t<\/div>\n\t\t\t\t\t<div id=\"elementor-tab-content-4532\" class=\"elementor-tab-content elementor-clearfix\" data-tab=\"2\" role=\"region\" aria-labelledby=\"elementor-tab-title-4532\"><ul>\n<li>Vierta el contenido de la bolsa en una botella pulverizadora limpia de un litro (34 onzas l\u00edquidas). Etiquete la botella adecuadamente.<\/li>\n<li>Deseche la bolsa vac\u00eda en la basura dom\u00e9stica normal.<\/li>\n<li>A\u00f1ade 500 ml (2 tazas) de agua fr\u00eda del grifo a la botella.<\/li>\n<li>Enrosque el pulverizador en la botella.<\/li>\n<li>La mezcla para pulverizar ya est\u00e1 lista para su uso.<\/li>\n<li>Empiece a utilizar CropGain cuando se abran las primeras flores.<br \/>Pulverice s\u00f3lo la cantidad de agua necesaria sobre las flores y las hojas del cultivo objetivo para evitar escorrent\u00edas.<\/li>\n<li>Pulverizar el cultivo objetivo dos veces por semana (si el tiempo lo permite).<\/li>\n<\/ul>\n<\/div>\n\t\t\t\t<\/div>\n\t\t\t\t\t\t\t<div class=\"elementor-accordion-item\">\n\t\t\t\t\t<div id=\"elementor-tab-title-4533\" class=\"elementor-tab-title\" data-tab=\"3\" role=\"button\" aria-controls=\"elementor-tab-content-4533\" aria-expanded=\"false\">\n\t\t\t\t\t\t\t\t\t\t\t\t\t<span class=\"elementor-accordion-icon elementor-accordion-icon-right\" aria-hidden=\"true\">\n\t\t\t\t\t\t\t\t\t\t\t\t\t\t\t<span class=\"elementor-accordion-icon-closed\"><i class=\"fas fa-angle-down\"><\/i><\/span>\n\t\t\t\t\t\t\t\t<span class=\"elementor-accordion-icon-opened\"><i class=\"fas fa-angle-up\"><\/i><\/span>\n\t\t\t\t\t\t\t\t\t\t\t\t\t\t<\/span>\n\t\t\t\t\t\t\t\t\t\t\t\t<a class=\"elementor-accordion-title\" tabindex=\"0\">Aspectos a tener en cuenta<\/a>\n\t\t\t\t\t<\/div>\n\t\t\t\t\t<div id=\"elementor-tab-content-4533\" class=\"elementor-tab-content elementor-clearfix\" data-tab=\"3\" role=\"region\" aria-labelledby=\"elementor-tab-title-4533\"><ul>\n<li>Pulverice las plantas preferiblemente por la ma\u00f1ana, antes de que las abejas empiecen a volar.<\/li>\n<li>Pulverice los d\u00edas en los que no haya previsi\u00f3n de lluvia en los pr\u00f3ximos 2-3 d\u00edas.<\/li>\n<li>Minimizar la escorrent\u00eda.<\/li>\n<li>Conservar en lugar seco y fresco.<\/li>\n<li>Mantener fuera del alcance de los ni\u00f1os y animales dom\u00e9sticos.<\/li>\n<li>No mezclar con pesticidas.<\/li>\n<li>No ingerir.<\/li>\n<\/ul>\n<\/div>\n\t\t\t\t<\/div>\n\t\t\t\t\t\t\t\t<\/div>\n\t\t\t\t\t\t<\/div>\n\t\t\t\t<\/div>\n\t\t\t\t<\/div>\n\t\t<div class=\"elementor-element elementor-element-59610333 e-con-full e-flex e-con e-child\" data-id=\"59610333\" data-element_type=\"container\" data-e-type=\"container\" data-settings=\"{&quot;background_background&quot;:&quot;classic&quot;}\">\n\t\t\t\t<div class=\"elementor-element elementor-element-1424ca12 elementor-widget elementor-widget-heading\" data-id=\"1424ca12\" data-element_type=\"widget\" data-e-type=\"widget\" data-widget_type=\"heading.default\">\n\t\t\t\t<div class=\"elementor-widget-container\">\n\t\t\t\t\t<h3 class=\"elementor-heading-title elementor-size-default\">\u00bfPor qu\u00e9 utilizar CropGain?<\/h3>\t\t\t\t<\/div>\n\t\t\t\t<\/div>\n\t\t\t\t<div class=\"elementor-element elementor-element-36d2fa8e elementor-position-inline-start elementor-view-default elementor-mobile-position-block-start elementor-widget elementor-widget-icon-box\" data-id=\"36d2fa8e\" data-element_type=\"widget\" data-e-type=\"widget\" data-widget_type=\"icon-box.default\">\n\t\t\t\t<div class=\"elementor-widget-container\">\n\t\t\t\t\t\t\t<div class=\"elementor-icon-box-wrapper\">\n\n\t\t\t\t\t\t<div class=\"elementor-icon-box-icon\">\n\t\t\t\t<span  class=\"elementor-icon\">\n\t\t\t\t<i aria-hidden=\"true\" class=\"far fa-check-circle\"><\/i>\t\t\t\t<\/span>\n\t\t\t<\/div>\n\t\t\t\n\t\t\t\t\t\t<div class=\"elementor-icon-box-content\">\n\n\t\t\t\t\t\t\t\t\t<h3 class=\"elementor-icon-box-title\">\n\t\t\t\t\t\t<span  >\n\t\t\t\t\t\t\tF\u00e1cil de usar\t\t\t\t\t\t<\/span>\n\t\t\t\t\t<\/h3>\n\t\t\t\t\n\t\t\t\t\n\t\t\t<\/div>\n\t\t\t\n\t\t<\/div>\n\t\t\t\t\t\t<\/div>\n\t\t\t\t<\/div>\n\t\t\t\t<div class=\"elementor-element elementor-element-142ae38a elementor-position-inline-start elementor-view-default elementor-mobile-position-block-start elementor-widget elementor-widget-icon-box\" data-id=\"142ae38a\" data-element_type=\"widget\" data-e-type=\"widget\" data-widget_type=\"icon-box.default\">\n\t\t\t\t<div class=\"elementor-widget-container\">\n\t\t\t\t\t\t\t<div class=\"elementor-icon-box-wrapper\">\n\n\t\t\t\t\t\t<div class=\"elementor-icon-box-icon\">\n\t\t\t\t<span  class=\"elementor-icon\">\n\t\t\t\t<i aria-hidden=\"true\" class=\"far fa-check-circle\"><\/i>\t\t\t\t<\/span>\n\t\t\t<\/div>\n\t\t\t\n\t\t\t\t\t\t<div class=\"elementor-icon-box-content\">\n\n\t\t\t\t\t\t\t\t\t<h3 class=\"elementor-icon-box-title\">\n\t\t\t\t\t\t<span  >\n\t\t\t\t\t\t\tEficaz\t\t\t\t\t\t<\/span>\n\t\t\t\t\t<\/h3>\n\t\t\t\t\n\t\t\t\t\n\t\t\t<\/div>\n\t\t\t\n\t\t<\/div>\n\t\t\t\t\t\t<\/div>\n\t\t\t\t<\/div>\n\t\t\t\t<div class=\"elementor-element elementor-element-455e039a elementor-position-inline-start elementor-view-default elementor-mobile-position-block-start elementor-widget elementor-widget-icon-box\" data-id=\"455e039a\" data-element_type=\"widget\" data-e-type=\"widget\" data-widget_type=\"icon-box.default\">\n\t\t\t\t<div class=\"elementor-widget-container\">\n\t\t\t\t\t\t\t<div class=\"elementor-icon-box-wrapper\">\n\n\t\t\t\t\t\t<div class=\"elementor-icon-box-icon\">\n\t\t\t\t<span  class=\"elementor-icon\">\n\t\t\t\t<i aria-hidden=\"true\" class=\"far fa-check-circle\"><\/i>\t\t\t\t<\/span>\n\t\t\t<\/div>\n\t\t\t\n\t\t\t\t\t\t<div class=\"elementor-icon-box-content\">\n\n\t\t\t\t\t\t\t\t\t<h3 class=\"elementor-icon-box-title\">\n\t\t\t\t\t\t<span  >\n\t\t\t\t\t\t\tSin pesticidas\t\t\t\t\t\t<\/span>\n\t\t\t\t\t<\/h3>\n\t\t\t\t\n\t\t\t\t\t\t\t\t\t<p class=\"elementor-icon-box-description\">\n\t\t\t\t\t\tNo t\u00f3xico para insectos y plantas\t\t\t\t\t<\/p>\n\t\t\t\t\n\t\t\t<\/div>\n\t\t\t\n\t\t<\/div>\n\t\t\t\t\t\t<\/div>\n\t\t\t\t<\/div>\n\t\t\t\t<div class=\"elementor-element elementor-element-1ccf0ea2 elementor-widget elementor-widget-heading\" data-id=\"1ccf0ea2\" data-element_type=\"widget\" data-e-type=\"widget\" data-widget_type=\"heading.default\">\n\t\t\t\t<div class=\"elementor-widget-container\">\n\t\t\t\t\t<h5 class=\"elementor-heading-title elementor-size-default\">\u00bfTiene m\u00e1s preguntas? P\u00f3ngase en contacto<\/h5>\t\t\t\t<\/div>\n\t\t\t\t<\/div>\n\t\t\t\t<div class=\"elementor-element elementor-element-11f28b55 elementor-align-center elementor-widget elementor-widget-button\" data-id=\"11f28b55\" data-element_type=\"widget\" data-e-type=\"widget\" data-widget_type=\"button.default\">\n\t\t\t\t<div class=\"elementor-widget-container\">\n\t\t\t\t\t\t\t\t\t<div class=\"elementor-button-wrapper\">\n\t\t\t\t\t<a class=\"elementor-button elementor-button-link elementor-size-sm\" href=\"https:\/\/pheromonehelper.ca\/es\/pongase-en-contacto-con\/\">\n\t\t\t\t\t\t<span class=\"elementor-button-content-wrapper\">\n\t\t\t\t\t\t\t\t\t<span class=\"elementor-button-text\">Contacte con nosotros<\/span>\n\t\t\t\t\t<\/span>\n\t\t\t\t\t<\/a>\n\t\t\t\t<\/div>\n\t\t\t\t\t\t\t\t<\/div>\n\t\t\t\t<\/div>\n\t\t\t\t<\/div>\n\t\t\t\t<\/div>\n\t\t<div class=\"elementor-element elementor-element-1fbecda5 e-con-full e-flex e-con e-parent\" data-id=\"1fbecda5\" data-element_type=\"container\" data-e-type=\"container\" data-settings=\"{&quot;background_background&quot;:&quot;classic&quot;}\">\n\t\t\t\t<div class=\"elementor-element elementor-element-1fd7830a gallery-spacing-custom elementor-widget elementor-widget-image-gallery\" data-id=\"1fd7830a\" data-element_type=\"widget\" data-e-type=\"widget\" data-widget_type=\"image-gallery.default\">\n\t\t\t\t<div class=\"elementor-widget-container\">\n\t\t\t\t\t\t\t<div class=\"elementor-image-gallery\">\n\t\t\t<div id='gallery-1' class='gallery galleryid-2827 gallery-columns-4 gallery-size-full'><figure class='gallery-item'>\n\t\t\t<div class='gallery-icon landscape'>\n\t\t\t\t<img fetchpriority=\"high\" decoding=\"async\" width=\"400\" height=\"400\" src=\"https:\/\/pheromonehelper.ca\/wp-content\/uploads\/2023\/09\/cropgain-sm.jpg\" class=\"attachment-full size-full\" alt=\"\" srcset=\"https:\/\/pheromonehelper.ca\/wp-content\/uploads\/2023\/09\/cropgain-sm.jpg 400w, https:\/\/pheromonehelper.ca\/wp-content\/uploads\/2023\/09\/cropgain-sm-300x300.jpg 300w, https:\/\/pheromonehelper.ca\/wp-content\/uploads\/2023\/09\/cropgain-sm-150x150.jpg 150w\" sizes=\"(max-width: 400px) 100vw, 400px\" \/>\n\t\t\t<\/div><\/figure><figure class='gallery-item'>\n\t\t\t<div class='gallery-icon landscape'>\n\t\t\t\t<img decoding=\"async\" width=\"400\" height=\"400\" src=\"https:\/\/pheromonehelper.ca\/wp-content\/uploads\/2023\/09\/flowers-yellow-bees-sm.jpg\" class=\"attachment-full size-full\" alt=\"\" srcset=\"https:\/\/pheromonehelper.ca\/wp-content\/uploads\/2023\/09\/flowers-yellow-bees-sm.jpg 400w, https:\/\/pheromonehelper.ca\/wp-content\/uploads\/2023\/09\/flowers-yellow-bees-sm-300x300.jpg 300w, https:\/\/pheromonehelper.ca\/wp-content\/uploads\/2023\/09\/flowers-yellow-bees-sm-150x150.jpg 150w\" sizes=\"(max-width: 400px) 100vw, 400px\" \/>\n\t\t\t<\/div><\/figure><figure class='gallery-item'>\n\t\t\t<div class='gallery-icon landscape'>\n\t\t\t\t<img decoding=\"async\" width=\"400\" height=\"400\" src=\"https:\/\/pheromonehelper.ca\/wp-content\/uploads\/2023\/09\/sunflowers-bees-sm.jpg\" class=\"attachment-full size-full\" alt=\"\" srcset=\"https:\/\/pheromonehelper.ca\/wp-content\/uploads\/2023\/09\/sunflowers-bees-sm.jpg 400w, https:\/\/pheromonehelper.ca\/wp-content\/uploads\/2023\/09\/sunflowers-bees-sm-300x300.jpg 300w, https:\/\/pheromonehelper.ca\/wp-content\/uploads\/2023\/09\/sunflowers-bees-sm-150x150.jpg 150w\" sizes=\"(max-width: 400px) 100vw, 400px\" \/>\n\t\t\t<\/div><\/figure><figure class='gallery-item'>\n\t\t\t<div class='gallery-icon landscape'>\n\t\t\t\t<img loading=\"lazy\" decoding=\"async\" width=\"400\" height=\"400\" src=\"https:\/\/pheromonehelper.ca\/wp-content\/uploads\/2023\/09\/sunflowers-bee-sm.jpg\" class=\"attachment-full size-full\" alt=\"\" srcset=\"https:\/\/pheromonehelper.ca\/wp-content\/uploads\/2023\/09\/sunflowers-bee-sm.jpg 400w, https:\/\/pheromonehelper.ca\/wp-content\/uploads\/2023\/09\/sunflowers-bee-sm-300x300.jpg 300w, https:\/\/pheromonehelper.ca\/wp-content\/uploads\/2023\/09\/sunflowers-bee-sm-150x150.jpg 150w\" sizes=\"(max-width: 400px) 100vw, 400px\" \/>\n\t\t\t<\/div><\/figure>\n\t\t<\/div>\n\t\t<\/div>\n\t\t\t\t\t\t<\/div>\n\t\t\t\t<\/div>\n\t\t\t\t<\/div>\n\t\t\t\t<\/div>\n\t\t","protected":false},"excerpt":{"rendered":"<p>PRODUCTOS CATCHY CropGain Un spray \u00fanico para mejorar la polinizaci\u00f3n Las flores deben polinizarse lo suficiente, de lo contrario los frutos pueden deformarse. CropGain ayuda a atraer a las abejas mel\u00edferas a las flores de diversos cultivos. A m\u00e1s visitas, mejor polinizaci\u00f3n, mejor cuajado y mayor cosecha. Utilice CropGain en diversos cultivos de su huerto: [&hellip;]<\/p>\n","protected":false},"author":3,"featured_media":0,"parent":0,"menu_order":0,"comment_status":"closed","ping_status":"closed","template":"elementor_header_footer","meta":{"footnotes":""},"class_list":["post-2827","page","type-page","status-publish","hentry"],"_links":{"self":[{"href":"https:\/\/pheromonehelper.ca\/es\/wp-json\/wp\/v2\/pages\/2827","targetHints":{"allow":["GET"]}}],"collection":[{"href":"https:\/\/pheromonehelper.ca\/es\/wp-json\/wp\/v2\/pages"}],"about":[{"href":"https:\/\/pheromonehelper.ca\/es\/wp-json\/wp\/v2\/types\/page"}],"author":[{"embeddable":true,"href":"https:\/\/pheromonehelper.ca\/es\/wp-json\/wp\/v2\/users\/3"}],"replies":[{"embeddable":true,"href":"https:\/\/pheromonehelper.ca\/es\/wp-json\/wp\/v2\/comments?post=2827"}],"version-history":[{"count":2,"href":"https:\/\/pheromonehelper.ca\/es\/wp-json\/wp\/v2\/pages\/2827\/revisions"}],"predecessor-version":[{"id":4055,"href":"https:\/\/pheromonehelper.ca\/es\/wp-json\/wp\/v2\/pages\/2827\/revisions\/4055"}],"wp:attachment":[{"href":"https:\/\/pheromonehelper.ca\/es\/wp-json\/wp\/v2\/media?parent=2827"}],"curies":[{"name":"wp","href":"https:\/\/api.w.org\/{rel}","templated":true}]}}