{"id":3383,"date":"2023-10-05T13:26:58","date_gmt":"2023-10-05T20:26:58","guid":{"rendered":"https:\/\/pheromonehelper.ca\/trampas-para-avispas\/"},"modified":"2024-02-09T15:55:21","modified_gmt":"2024-02-09T23:55:21","slug":"trampas-para-avispas","status":"publish","type":"page","link":"https:\/\/pheromonehelper.ca\/es\/trampas-para-avispas\/","title":{"rendered":"Trampas Para Avispas"},"content":{"rendered":"\t\t<div data-elementor-type=\"wp-page\" data-elementor-id=\"3383\" class=\"elementor elementor-3383 elementor-3216\" data-elementor-post-type=\"page\">\n\t\t\t\t<div class=\"elementor-element elementor-element-7fd8273e e-con-full e-flex e-con e-parent\" data-id=\"7fd8273e\" data-element_type=\"container\" data-e-type=\"container\" data-settings=\"{&quot;background_background&quot;:&quot;classic&quot;}\">\n\t\t<div class=\"elementor-element elementor-element-33a89eb6 e-con-full e-flex e-con e-child\" data-id=\"33a89eb6\" data-element_type=\"container\" data-e-type=\"container\" data-settings=\"{&quot;background_background&quot;:&quot;classic&quot;}\">\n\t\t\t\t<div class=\"elementor-element elementor-element-71cbec29 elementor-widget elementor-widget-spacer\" data-id=\"71cbec29\" data-element_type=\"widget\" data-e-type=\"widget\" data-widget_type=\"spacer.default\">\n\t\t\t\t<div class=\"elementor-widget-container\">\n\t\t\t\t\t\t\t<div class=\"elementor-spacer\">\n\t\t\t<div class=\"elementor-spacer-inner\"><\/div>\n\t\t<\/div>\n\t\t\t\t\t\t<\/div>\n\t\t\t\t<\/div>\n\t\t\t\t<\/div>\n\t\t<div class=\"elementor-element elementor-element-3018f2d5 e-con-full e-flex e-con e-child\" data-id=\"3018f2d5\" data-element_type=\"container\" data-e-type=\"container\">\n\t\t\t\t<div class=\"elementor-element elementor-element-c4cd11 elementor-widget elementor-widget-heading\" data-id=\"c4cd11\" data-element_type=\"widget\" data-e-type=\"widget\" data-widget_type=\"heading.default\">\n\t\t\t\t<div class=\"elementor-widget-container\">\n\t\t\t\t\t<h3 class=\"elementor-heading-title elementor-size-default\">PRODUCTOS CATCHY<\/h3>\t\t\t\t<\/div>\n\t\t\t\t<\/div>\n\t\t\t\t<div class=\"elementor-element elementor-element-6beaa60c elementor-widget elementor-widget-heading\" data-id=\"6beaa60c\" data-element_type=\"widget\" data-e-type=\"widget\" data-widget_type=\"heading.default\">\n\t\t\t\t<div class=\"elementor-widget-container\">\n\t\t\t\t\t<h1 class=\"elementor-heading-title elementor-size-default\">Trampas Para Avispas<\/h1>\t\t\t\t<\/div>\n\t\t\t\t<\/div>\n\t\t\t\t<div class=\"elementor-element elementor-element-28e7a61c elementor-widget elementor-widget-text-editor\" data-id=\"28e7a61c\" data-element_type=\"widget\" data-e-type=\"widget\" data-widget_type=\"text-editor.default\">\n\t\t\t\t<div class=\"elementor-widget-container\">\n\t\t\t\t\t\t\t\t\t<p>En Intko Supply Ltd., somos una empresa l\u00edder y bien establecida que se especializa en la fabricaci\u00f3n, distribuci\u00f3n y mantenimiento de inventarios de trampas para insectos de alta calidad. Nuestras trampas para avispas y avispones son f\u00e1ciles de usar, efectivas y respetuosas con el medio ambiente. Nuestras trampas Catchy son muy recomendables cerca de las colmenas para garantizar que sus abejas est\u00e9n bien protegidas y seguras. <\/p>\n\t\t\t\t\t\t\t\t<\/div>\n\t\t\t\t<\/div>\n\t\t\t\t<\/div>\n\t\t\t\t<\/div>\n\t\t<div class=\"elementor-element elementor-element-23d9a05 e-con-full e-flex e-con e-parent\" data-id=\"23d9a05\" data-element_type=\"container\" data-e-type=\"container\">\n\t\t<div class=\"elementor-element elementor-element-5d4aec48 e-con-full e-flex e-con e-child\" data-id=\"5d4aec48\" data-element_type=\"container\" data-e-type=\"container\">\n\t\t<div class=\"elementor-element elementor-element-41363dd1 e-flex e-con-boxed e-con e-child\" data-id=\"41363dd1\" data-element_type=\"container\" data-e-type=\"container\" data-settings=\"{&quot;background_background&quot;:&quot;classic&quot;}\">\n\t\t\t\t\t<div class=\"e-con-inner\">\n\t\t\t\t<div class=\"elementor-element elementor-element-3b3dae83 elementor-widget elementor-widget-image\" data-id=\"3b3dae83\" data-element_type=\"widget\" data-e-type=\"widget\" data-widget_type=\"image.default\">\n\t\t\t\t<div class=\"elementor-widget-container\">\n\t\t\t\t\t\t\t\t\t\t\t\t\t\t\t\t<a href=\"https:\/\/pheromonehelper.ca\/yellowjacket-wasp-trap\/\">\n\t\t\t\t\t\t\t<img fetchpriority=\"high\" decoding=\"async\" width=\"600\" height=\"600\" src=\"https:\/\/pheromonehelper.ca\/wp-content\/uploads\/2024\/02\/wasp-bag-new-sm.jpg\" class=\"attachment-full size-full wp-image-4221\" alt=\"Catchy Wasp Trap\" srcset=\"https:\/\/pheromonehelper.ca\/wp-content\/uploads\/2024\/02\/wasp-bag-new-sm.jpg 600w, https:\/\/pheromonehelper.ca\/wp-content\/uploads\/2024\/02\/wasp-bag-new-sm-300x300.jpg 300w, https:\/\/pheromonehelper.ca\/wp-content\/uploads\/2024\/02\/wasp-bag-new-sm-150x150.jpg 150w\" sizes=\"(max-width: 600px) 100vw, 600px\" \/>\t\t\t\t\t\t\t\t<\/a>\n\t\t\t\t\t\t\t\t\t\t\t\t\t\t\t<\/div>\n\t\t\t\t<\/div>\n\t\t\t\t<div class=\"elementor-element elementor-element-73404ca elementor-widget elementor-widget-heading\" data-id=\"73404ca\" data-element_type=\"widget\" data-e-type=\"widget\" data-widget_type=\"heading.default\">\n\t\t\t\t<div class=\"elementor-widget-container\">\n\t\t\t\t\t<h3 class=\"elementor-heading-title elementor-size-default\"><a href=\"https:\/\/pheromonehelper.ca\/yellowjacket-wasp-trap\/\">Avispa y avispa amarilla<br>Bolsa trampa<\/a><\/h3>\t\t\t\t<\/div>\n\t\t\t\t<\/div>\n\t\t\t\t<div class=\"elementor-element elementor-element-58754cf5 elementor-widget elementor-widget-text-editor\" data-id=\"58754cf5\" data-element_type=\"widget\" data-e-type=\"widget\" data-widget_type=\"text-editor.default\">\n\t\t\t\t<div class=\"elementor-widget-container\">\n\t\t\t\t\t\t\t\t\t<p>Nuestra bolsa trampa para avispas y avispones Catchy es f\u00e1cil de usar y resulta eficaz para capturar estos molestos insectos.<\/p>\n\t\t\t\t\t\t\t\t<\/div>\n\t\t\t\t<\/div>\n\t\t\t\t<div class=\"elementor-element elementor-element-1dfe7e62 elementor-tablet-align-center elementor-align-center elementor-widget elementor-widget-button\" data-id=\"1dfe7e62\" data-element_type=\"widget\" data-e-type=\"widget\" data-widget_type=\"button.default\">\n\t\t\t\t<div class=\"elementor-widget-container\">\n\t\t\t\t\t\t\t\t\t<div class=\"elementor-button-wrapper\">\n\t\t\t\t\t<a class=\"elementor-button elementor-button-link elementor-size-sm\" href=\"https:\/\/pheromonehelper.ca\/es\/trampa-para-avispas-y-avispones\/\">\n\t\t\t\t\t\t<span class=\"elementor-button-content-wrapper\">\n\t\t\t\t\t\t\t\t\t<span class=\"elementor-button-text\">Ver el producto<\/span>\n\t\t\t\t\t<\/span>\n\t\t\t\t\t<\/a>\n\t\t\t\t<\/div>\n\t\t\t\t\t\t\t\t<\/div>\n\t\t\t\t<\/div>\n\t\t\t\t\t<\/div>\n\t\t\t\t<\/div>\n\t\t<div class=\"elementor-element elementor-element-2737028a e-flex e-con-boxed e-con e-child\" data-id=\"2737028a\" data-element_type=\"container\" data-e-type=\"container\" data-settings=\"{&quot;background_background&quot;:&quot;classic&quot;}\">\n\t\t\t\t\t<div class=\"e-con-inner\">\n\t\t\t\t<div class=\"elementor-element elementor-element-1b9c4480 elementor-widget elementor-widget-image\" data-id=\"1b9c4480\" data-element_type=\"widget\" data-e-type=\"widget\" data-widget_type=\"image.default\">\n\t\t\t\t<div class=\"elementor-widget-container\">\n\t\t\t\t\t\t\t\t\t\t\t\t\t\t\t\t<a href=\"https:\/\/pheromonehelper.ca\/yellowjacket-wasp-trap\/\">\n\t\t\t\t\t\t\t<img decoding=\"async\" width=\"800\" height=\"800\" src=\"https:\/\/pheromonehelper.ca\/wp-content\/uploads\/2022\/09\/intkosupply-product-yellowjacket.jpg\" class=\"attachment-full size-full wp-image-1306\" alt=\"\" srcset=\"https:\/\/pheromonehelper.ca\/wp-content\/uploads\/2022\/09\/intkosupply-product-yellowjacket.jpg 800w, https:\/\/pheromonehelper.ca\/wp-content\/uploads\/2022\/09\/intkosupply-product-yellowjacket-300x300.jpg 300w, https:\/\/pheromonehelper.ca\/wp-content\/uploads\/2022\/09\/intkosupply-product-yellowjacket-150x150.jpg 150w, https:\/\/pheromonehelper.ca\/wp-content\/uploads\/2022\/09\/intkosupply-product-yellowjacket-768x768.jpg 768w\" sizes=\"(max-width: 800px) 100vw, 800px\" \/>\t\t\t\t\t\t\t\t<\/a>\n\t\t\t\t\t\t\t\t\t\t\t\t\t\t\t<\/div>\n\t\t\t\t<\/div>\n\t\t\t\t<div class=\"elementor-element elementor-element-10b49997 elementor-widget elementor-widget-heading\" data-id=\"10b49997\" data-element_type=\"widget\" data-e-type=\"widget\" data-widget_type=\"heading.default\">\n\t\t\t\t<div class=\"elementor-widget-container\">\n\t\t\t\t\t<h2 class=\"elementor-heading-title elementor-size-default\"><a href=\"https:\/\/pheromonehelper.ca\/yellowjacket-wasp-trap\/\">Avispa y avispa amarilla<br>Trampa para botellas<\/a><\/h2>\t\t\t\t<\/div>\n\t\t\t\t<\/div>\n\t\t\t\t<div class=\"elementor-element elementor-element-5d649a95 elementor-widget elementor-widget-text-editor\" data-id=\"5d649a95\" data-element_type=\"widget\" data-e-type=\"widget\" data-widget_type=\"text-editor.default\">\n\t\t\t\t<div class=\"elementor-widget-container\">\n\t\t\t\t\t\t\t\t\t<p>Empiece a capturar avispas y avispillas inmediatamente con nuestra trampa de botella reutilizable Catchy.<\/p>\n\t\t\t\t\t\t\t\t<\/div>\n\t\t\t\t<\/div>\n\t\t\t\t<div class=\"elementor-element elementor-element-f78f311 elementor-tablet-align-center elementor-align-center elementor-widget elementor-widget-button\" data-id=\"f78f311\" data-element_type=\"widget\" data-e-type=\"widget\" data-widget_type=\"button.default\">\n\t\t\t\t<div class=\"elementor-widget-container\">\n\t\t\t\t\t\t\t\t\t<div class=\"elementor-button-wrapper\">\n\t\t\t\t\t<a class=\"elementor-button elementor-button-link elementor-size-sm\" href=\"https:\/\/pheromonehelper.ca\/es\/yellowjacket-wasp-bottle-trap\/\">\n\t\t\t\t\t\t<span class=\"elementor-button-content-wrapper\">\n\t\t\t\t\t\t\t\t\t<span class=\"elementor-button-text\">Ver el producto<\/span>\n\t\t\t\t\t<\/span>\n\t\t\t\t\t<\/a>\n\t\t\t\t<\/div>\n\t\t\t\t\t\t\t\t<\/div>\n\t\t\t\t<\/div>\n\t\t\t\t\t<\/div>\n\t\t\t\t<\/div>\n\t\t\t\t<\/div>\n\t\t<div class=\"elementor-element elementor-element-3825c83a e-con-full e-flex e-con e-child\" data-id=\"3825c83a\" data-element_type=\"container\" data-e-type=\"container\">\n\t\t<div class=\"elementor-element elementor-element-487b7b8a e-flex e-con-boxed e-con e-child\" data-id=\"487b7b8a\" data-element_type=\"container\" data-e-type=\"container\" data-settings=\"{&quot;background_background&quot;:&quot;classic&quot;}\">\n\t\t\t\t\t<div class=\"e-con-inner\">\n\t\t\t\t<div class=\"elementor-element elementor-element-2c81b243 elementor-widget elementor-widget-image\" data-id=\"2c81b243\" data-element_type=\"widget\" data-e-type=\"widget\" data-widget_type=\"image.default\">\n\t\t\t\t<div class=\"elementor-widget-container\">\n\t\t\t\t\t\t\t\t\t\t\t\t\t\t\t\t<a href=\"https:\/\/pheromonehelper.ca\/asian-hornet-trap\/\">\n\t\t\t\t\t\t\t<img decoding=\"async\" width=\"800\" height=\"800\" src=\"https:\/\/pheromonehelper.ca\/wp-content\/uploads\/2023\/09\/intkosupply-giant-asian-hornet.jpg\" class=\"attachment-full size-full wp-image-1502\" alt=\"\" srcset=\"https:\/\/pheromonehelper.ca\/wp-content\/uploads\/2023\/09\/intkosupply-giant-asian-hornet.jpg 800w, https:\/\/pheromonehelper.ca\/wp-content\/uploads\/2023\/09\/intkosupply-giant-asian-hornet-300x300.jpg 300w, https:\/\/pheromonehelper.ca\/wp-content\/uploads\/2023\/09\/intkosupply-giant-asian-hornet-150x150.jpg 150w, https:\/\/pheromonehelper.ca\/wp-content\/uploads\/2023\/09\/intkosupply-giant-asian-hornet-768x768.jpg 768w\" sizes=\"(max-width: 800px) 100vw, 800px\" \/>\t\t\t\t\t\t\t\t<\/a>\n\t\t\t\t\t\t\t\t\t\t\t\t\t\t\t<\/div>\n\t\t\t\t<\/div>\n\t\t\t\t<div class=\"elementor-element elementor-element-4771f156 elementor-widget elementor-widget-heading\" data-id=\"4771f156\" data-element_type=\"widget\" data-e-type=\"widget\" data-widget_type=\"heading.default\">\n\t\t\t\t<div class=\"elementor-widget-container\">\n\t\t\t\t\t<h2 class=\"elementor-heading-title elementor-size-default\"><a href=\"https:\/\/pheromonehelper.ca\/asian-hornet-trap\/\">Gigante asi\u00e1tico<br>Trampa para avispones<\/a><\/h2>\t\t\t\t<\/div>\n\t\t\t\t<\/div>\n\t\t\t\t<div class=\"elementor-element elementor-element-8ff7778 elementor-widget elementor-widget-text-editor\" data-id=\"8ff7778\" data-element_type=\"widget\" data-e-type=\"widget\" data-widget_type=\"text-editor.default\">\n\t\t\t\t<div class=\"elementor-widget-container\">\n\t\t\t\t\t\t\t\t\t<p>Nuestra trampa para avispones asi\u00e1ticos gigantes Catchy es una soluci\u00f3n eficaz para ayudar a proteger a sus abejas.<\/p>\n\t\t\t\t\t\t\t\t<\/div>\n\t\t\t\t<\/div>\n\t\t\t\t<div class=\"elementor-element elementor-element-3e11e05 elementor-tablet-align-center elementor-align-center elementor-widget elementor-widget-button\" data-id=\"3e11e05\" data-element_type=\"widget\" data-e-type=\"widget\" data-widget_type=\"button.default\">\n\t\t\t\t<div class=\"elementor-widget-container\">\n\t\t\t\t\t\t\t\t\t<div class=\"elementor-button-wrapper\">\n\t\t\t\t\t<a class=\"elementor-button elementor-button-link elementor-size-sm\" href=\"https:\/\/pheromonehelper.ca\/es\/trampa-gigante-para-avispones-asiaticos\/\">\n\t\t\t\t\t\t<span class=\"elementor-button-content-wrapper\">\n\t\t\t\t\t\t\t\t\t<span class=\"elementor-button-text\">Ver el producto<\/span>\n\t\t\t\t\t<\/span>\n\t\t\t\t\t<\/a>\n\t\t\t\t<\/div>\n\t\t\t\t\t\t\t\t<\/div>\n\t\t\t\t<\/div>\n\t\t\t\t\t<\/div>\n\t\t\t\t<\/div>\n\t\t<div class=\"elementor-element elementor-element-46191594 e-flex e-con-boxed e-con e-child\" data-id=\"46191594\" data-element_type=\"container\" data-e-type=\"container\" data-settings=\"{&quot;background_background&quot;:&quot;classic&quot;}\">\n\t\t\t\t\t<div class=\"e-con-inner\">\n\t\t\t\t<div class=\"elementor-element elementor-element-7d2cd141 elementor-widget elementor-widget-image\" data-id=\"7d2cd141\" data-element_type=\"widget\" data-e-type=\"widget\" data-widget_type=\"image.default\">\n\t\t\t\t<div class=\"elementor-widget-container\">\n\t\t\t\t\t\t\t\t\t\t\t\t\t\t\t\t<a href=\"https:\/\/pheromonehelper.ca\/asian-hornet-trap\/\">\n\t\t\t\t\t\t\t<img loading=\"lazy\" decoding=\"async\" width=\"400\" height=\"400\" src=\"https:\/\/pheromonehelper.ca\/wp-content\/uploads\/2023\/09\/asian-hornet-sm.jpg\" class=\"attachment-full size-full wp-image-2725\" alt=\"\" srcset=\"https:\/\/pheromonehelper.ca\/wp-content\/uploads\/2023\/09\/asian-hornet-sm.jpg 400w, https:\/\/pheromonehelper.ca\/wp-content\/uploads\/2023\/09\/asian-hornet-sm-300x300.jpg 300w, https:\/\/pheromonehelper.ca\/wp-content\/uploads\/2023\/09\/asian-hornet-sm-150x150.jpg 150w\" sizes=\"(max-width: 400px) 100vw, 400px\" \/>\t\t\t\t\t\t\t\t<\/a>\n\t\t\t\t\t\t\t\t\t\t\t\t\t\t\t<\/div>\n\t\t\t\t<\/div>\n\t\t\t\t<div class=\"elementor-element elementor-element-1cb4bda2 elementor-widget elementor-widget-heading\" data-id=\"1cb4bda2\" data-element_type=\"widget\" data-e-type=\"widget\" data-widget_type=\"heading.default\">\n\t\t\t\t<div class=\"elementor-widget-container\">\n\t\t\t\t\t<h2 class=\"elementor-heading-title elementor-size-default\"><a href=\"https:\/\/pheromonehelper.ca\/asian-hornet-trap\/\">Asi\u00e1tico<br>Trampa para avispones<\/a><\/h2>\t\t\t\t<\/div>\n\t\t\t\t<\/div>\n\t\t\t\t<div class=\"elementor-element elementor-element-7b51e286 elementor-widget elementor-widget-text-editor\" data-id=\"7b51e286\" data-element_type=\"widget\" data-e-type=\"widget\" data-widget_type=\"text-editor.default\">\n\t\t\t\t<div class=\"elementor-widget-container\">\n\t\t\t\t\t\t\t\t\t<p>El avisp\u00f3n asi\u00e1tico es un reto para los apicultores. Utilice nuestras trampas Catchy cerca de las colmenas para proteger a sus abejas.<\/p>\n\t\t\t\t\t\t\t\t<\/div>\n\t\t\t\t<\/div>\n\t\t\t\t<div class=\"elementor-element elementor-element-4eb718aa elementor-tablet-align-center elementor-align-center elementor-widget elementor-widget-button\" data-id=\"4eb718aa\" data-element_type=\"widget\" data-e-type=\"widget\" data-widget_type=\"button.default\">\n\t\t\t\t<div class=\"elementor-widget-container\">\n\t\t\t\t\t\t\t\t\t<div class=\"elementor-button-wrapper\">\n\t\t\t\t\t<a class=\"elementor-button elementor-button-link elementor-size-sm\" href=\"https:\/\/pheromonehelper.ca\/es\/trampa-para-avispones-asiaticos\/\">\n\t\t\t\t\t\t<span class=\"elementor-button-content-wrapper\">\n\t\t\t\t\t\t\t\t\t<span class=\"elementor-button-text\">Ver el producto<\/span>\n\t\t\t\t\t<\/span>\n\t\t\t\t\t<\/a>\n\t\t\t\t<\/div>\n\t\t\t\t\t\t\t\t<\/div>\n\t\t\t\t<\/div>\n\t\t\t\t\t<\/div>\n\t\t\t\t<\/div>\n\t\t\t\t<\/div>\n\t\t\t\t<\/div>\n\t\t<div class=\"elementor-element elementor-element-2f4f3549 e-con-full e-flex e-con e-parent\" data-id=\"2f4f3549\" data-element_type=\"container\" data-e-type=\"container\" data-settings=\"{&quot;background_background&quot;:&quot;classic&quot;}\">\n\t\t\t\t<div class=\"elementor-element elementor-element-3827486d gallery-spacing-custom elementor-widget elementor-widget-image-gallery\" data-id=\"3827486d\" data-element_type=\"widget\" data-e-type=\"widget\" data-widget_type=\"image-gallery.default\">\n\t\t\t\t<div class=\"elementor-widget-container\">\n\t\t\t\t\t\t\t<div class=\"elementor-image-gallery\">\n\t\t\t<div id='gallery-1' class='gallery galleryid-3383 gallery-columns-5 gallery-size-full'><figure class='gallery-item'>\n\t\t\t<div class='gallery-icon landscape'>\n\t\t\t\t<img loading=\"lazy\" decoding=\"async\" width=\"800\" height=\"800\" src=\"https:\/\/pheromonehelper.ca\/wp-content\/uploads\/2023\/09\/wasp-bottle-01.jpg\" class=\"attachment-full size-full\" alt=\"\" srcset=\"https:\/\/pheromonehelper.ca\/wp-content\/uploads\/2023\/09\/wasp-bottle-01.jpg 800w, https:\/\/pheromonehelper.ca\/wp-content\/uploads\/2023\/09\/wasp-bottle-01-300x300.jpg 300w, https:\/\/pheromonehelper.ca\/wp-content\/uploads\/2023\/09\/wasp-bottle-01-150x150.jpg 150w, https:\/\/pheromonehelper.ca\/wp-content\/uploads\/2023\/09\/wasp-bottle-01-768x768.jpg 768w\" sizes=\"(max-width: 800px) 100vw, 800px\" \/>\n\t\t\t<\/div><\/figure><figure class='gallery-item'>\n\t\t\t<div class='gallery-icon landscape'>\n\t\t\t\t<img loading=\"lazy\" decoding=\"async\" width=\"400\" height=\"400\" src=\"https:\/\/pheromonehelper.ca\/wp-content\/uploads\/2023\/09\/wasp-dead-sm.jpg\" class=\"attachment-full size-full\" alt=\"\" srcset=\"https:\/\/pheromonehelper.ca\/wp-content\/uploads\/2023\/09\/wasp-dead-sm.jpg 400w, https:\/\/pheromonehelper.ca\/wp-content\/uploads\/2023\/09\/wasp-dead-sm-300x300.jpg 300w, https:\/\/pheromonehelper.ca\/wp-content\/uploads\/2023\/09\/wasp-dead-sm-150x150.jpg 150w\" sizes=\"(max-width: 400px) 100vw, 400px\" \/>\n\t\t\t<\/div><\/figure><figure class='gallery-item'>\n\t\t\t<div class='gallery-icon landscape'>\n\t\t\t\t<img loading=\"lazy\" decoding=\"async\" width=\"400\" height=\"400\" src=\"https:\/\/pheromonehelper.ca\/wp-content\/uploads\/2024\/01\/wasp-03.jpg\" class=\"attachment-full size-full\" alt=\"\" srcset=\"https:\/\/pheromonehelper.ca\/wp-content\/uploads\/2024\/01\/wasp-03.jpg 400w, https:\/\/pheromonehelper.ca\/wp-content\/uploads\/2024\/01\/wasp-03-300x300.jpg 300w, https:\/\/pheromonehelper.ca\/wp-content\/uploads\/2024\/01\/wasp-03-150x150.jpg 150w\" sizes=\"(max-width: 400px) 100vw, 400px\" \/>\n\t\t\t<\/div><\/figure><figure class='gallery-item'>\n\t\t\t<div class='gallery-icon landscape'>\n\t\t\t\t<img loading=\"lazy\" decoding=\"async\" width=\"400\" height=\"400\" src=\"https:\/\/pheromonehelper.ca\/wp-content\/uploads\/2024\/01\/wasp-04.jpg\" class=\"attachment-full size-full\" alt=\"\" srcset=\"https:\/\/pheromonehelper.ca\/wp-content\/uploads\/2024\/01\/wasp-04.jpg 400w, https:\/\/pheromonehelper.ca\/wp-content\/uploads\/2024\/01\/wasp-04-300x300.jpg 300w, https:\/\/pheromonehelper.ca\/wp-content\/uploads\/2024\/01\/wasp-04-150x150.jpg 150w\" sizes=\"(max-width: 400px) 100vw, 400px\" \/>\n\t\t\t<\/div><\/figure><figure class='gallery-item'>\n\t\t\t<div class='gallery-icon landscape'>\n\t\t\t\t<img loading=\"lazy\" decoding=\"async\" width=\"400\" height=\"400\" src=\"https:\/\/pheromonehelper.ca\/wp-content\/uploads\/2024\/01\/wasp-01.jpg\" class=\"attachment-full size-full\" alt=\"\" srcset=\"https:\/\/pheromonehelper.ca\/wp-content\/uploads\/2024\/01\/wasp-01.jpg 400w, https:\/\/pheromonehelper.ca\/wp-content\/uploads\/2024\/01\/wasp-01-300x300.jpg 300w, https:\/\/pheromonehelper.ca\/wp-content\/uploads\/2024\/01\/wasp-01-150x150.jpg 150w\" sizes=\"(max-width: 400px) 100vw, 400px\" \/>\n\t\t\t<\/div><\/figure>\n\t\t<\/div>\n\t\t<\/div>\n\t\t\t\t\t\t<\/div>\n\t\t\t\t<\/div>\n\t\t\t\t<\/div>\n\t\t\t\t<\/div>\n\t\t","protected":false},"excerpt":{"rendered":"<p>PRODUCTOS CATCHY Trampas Para Avispas En Intko Supply Ltd., somos una empresa l\u00edder y bien establecida que se especializa en la fabricaci\u00f3n, distribuci\u00f3n y mantenimiento de inventarios de trampas para insectos de alta calidad. Nuestras trampas para avispas y avispones son f\u00e1ciles de usar, efectivas y respetuosas con el medio ambiente. Nuestras trampas Catchy son [&hellip;]<\/p>\n","protected":false},"author":3,"featured_media":0,"parent":0,"menu_order":0,"comment_status":"closed","ping_status":"closed","template":"elementor_header_footer","meta":{"footnotes":""},"class_list":["post-3383","page","type-page","status-publish","hentry"],"_links":{"self":[{"href":"https:\/\/pheromonehelper.ca\/es\/wp-json\/wp\/v2\/pages\/3383","targetHints":{"allow":["GET"]}}],"collection":[{"href":"https:\/\/pheromonehelper.ca\/es\/wp-json\/wp\/v2\/pages"}],"about":[{"href":"https:\/\/pheromonehelper.ca\/es\/wp-json\/wp\/v2\/types\/page"}],"author":[{"embeddable":true,"href":"https:\/\/pheromonehelper.ca\/es\/wp-json\/wp\/v2\/users\/3"}],"replies":[{"embeddable":true,"href":"https:\/\/pheromonehelper.ca\/es\/wp-json\/wp\/v2\/comments?post=3383"}],"version-history":[{"count":6,"href":"https:\/\/pheromonehelper.ca\/es\/wp-json\/wp\/v2\/pages\/3383\/revisions"}],"predecessor-version":[{"id":4240,"href":"https:\/\/pheromonehelper.ca\/es\/wp-json\/wp\/v2\/pages\/3383\/revisions\/4240"}],"wp:attachment":[{"href":"https:\/\/pheromonehelper.ca\/es\/wp-json\/wp\/v2\/media?parent=3383"}],"curies":[{"name":"wp","href":"https:\/\/api.w.org\/{rel}","templated":true}]}}