{"id":4267,"date":"2024-02-09T10:44:55","date_gmt":"2024-02-09T18:44:55","guid":{"rendered":"https:\/\/pheromonehelper.ca\/distribuidores\/"},"modified":"2025-08-15T05:23:50","modified_gmt":"2025-08-15T12:23:50","slug":"distribuidores","status":"publish","type":"page","link":"https:\/\/pheromonehelper.ca\/es\/distribuidores\/","title":{"rendered":"Distribuidores"},"content":{"rendered":"\t\t<div data-elementor-type=\"wp-page\" data-elementor-id=\"4267\" class=\"elementor elementor-4267 elementor-4111\" data-elementor-post-type=\"page\">\n\t\t\t\t<div class=\"elementor-element elementor-element-1d53ee69 e-con-full e-flex e-con e-parent\" data-id=\"1d53ee69\" data-element_type=\"container\" data-e-type=\"container\" data-settings=\"{&quot;background_background&quot;:&quot;classic&quot;}\">\n\t\t<div class=\"elementor-element elementor-element-21683de5 e-con-full e-flex e-con e-child\" data-id=\"21683de5\" data-element_type=\"container\" data-e-type=\"container\" data-settings=\"{&quot;background_background&quot;:&quot;classic&quot;}\">\n\t\t\t\t<div class=\"elementor-element elementor-element-641df7fa elementor-widget elementor-widget-spacer\" data-id=\"641df7fa\" data-element_type=\"widget\" data-e-type=\"widget\" data-widget_type=\"spacer.default\">\n\t\t\t\t<div class=\"elementor-widget-container\">\n\t\t\t\t\t\t\t<div class=\"elementor-spacer\">\n\t\t\t<div class=\"elementor-spacer-inner\"><\/div>\n\t\t<\/div>\n\t\t\t\t\t\t<\/div>\n\t\t\t\t<\/div>\n\t\t\t\t<\/div>\n\t\t<div class=\"elementor-element elementor-element-5ef72617 e-con-full e-flex e-con e-child\" data-id=\"5ef72617\" data-element_type=\"container\" data-e-type=\"container\">\n\t\t\t\t<div class=\"elementor-element elementor-element-26282a20 elementor-widget elementor-widget-heading\" data-id=\"26282a20\" data-element_type=\"widget\" data-e-type=\"widget\" data-widget_type=\"heading.default\">\n\t\t\t\t<div class=\"elementor-widget-container\">\n\t\t\t\t\t<h3 class=\"elementor-heading-title elementor-size-default\">D\u00d3NDE ENCONTRARNOS<\/h3>\t\t\t\t<\/div>\n\t\t\t\t<\/div>\n\t\t\t\t<div class=\"elementor-element elementor-element-657d07db elementor-widget elementor-widget-heading\" data-id=\"657d07db\" data-element_type=\"widget\" data-e-type=\"widget\" data-widget_type=\"heading.default\">\n\t\t\t\t<div class=\"elementor-widget-container\">\n\t\t\t\t\t<h1 class=\"elementor-heading-title elementor-size-default\">Distribuidores<\/h1>\t\t\t\t<\/div>\n\t\t\t\t<\/div>\n\t\t\t\t<div class=\"elementor-element elementor-element-677f1ed8 elementor-widget elementor-widget-text-editor\" data-id=\"677f1ed8\" data-element_type=\"widget\" data-e-type=\"widget\" data-widget_type=\"text-editor.default\">\n\t\t\t\t<div class=\"elementor-widget-container\">\n\t\t\t\t\t\t\t\t\t<p>En Intko Supply Ltd., somos una empresa l\u00edder y bien establecida que se especializa en la fabricaci\u00f3n, distribuci\u00f3n y mantenimiento de inventarios de productos \u00fanicos y de alta calidad a base de feromonas para la industria ap\u00edcola, as\u00ed como trampas para insectos para propietarios de viviendas. Estamos orgullosos de colaborar con empresas de todo el mundo para distribuir nuestras feromonas para abejas y nuestras trampas para avispas y avispones.<\/p>\t\t\t\t\t\t\t\t<\/div>\n\t\t\t\t<\/div>\n\t\t\t\t<div class=\"elementor-element elementor-element-6b74f42 elementor-widget elementor-widget-text-editor\" data-id=\"6b74f42\" data-element_type=\"widget\" data-e-type=\"widget\" data-widget_type=\"text-editor.default\">\n\t\t\t\t<div class=\"elementor-widget-container\">\n\t\t\t\t\t\t\t\t\t<p>\u00bfTe interesa vender nuestros productos? P\u00f3ngase en contacto con nosotros para m\u00e1s informaci\u00f3n.<\/p>\t\t\t\t\t\t\t\t<\/div>\n\t\t\t\t<\/div>\n\t\t\t\t<div class=\"elementor-element elementor-element-6b57283d elementor-mobile-align-left elementor-widget elementor-widget-button\" data-id=\"6b57283d\" data-element_type=\"widget\" data-e-type=\"widget\" data-widget_type=\"button.default\">\n\t\t\t\t<div class=\"elementor-widget-container\">\n\t\t\t\t\t\t\t\t\t<div class=\"elementor-button-wrapper\">\n\t\t\t\t\t<a class=\"elementor-button elementor-button-link elementor-size-sm\" href=\"https:\/\/pheromonehelper.ca\/es\/pongase-en-contacto-con\/\">\n\t\t\t\t\t\t<span class=\"elementor-button-content-wrapper\">\n\t\t\t\t\t\t\t\t\t<span class=\"elementor-button-text\">Contacto<\/span>\n\t\t\t\t\t<\/span>\n\t\t\t\t\t<\/a>\n\t\t\t\t<\/div>\n\t\t\t\t\t\t\t\t<\/div>\n\t\t\t\t<\/div>\n\t\t\t\t<\/div>\n\t\t\t\t<\/div>\n\t\t<div class=\"elementor-element elementor-element-894dca3 e-flex e-con-boxed e-con e-parent\" data-id=\"894dca3\" data-element_type=\"container\" data-e-type=\"container\">\n\t\t\t\t\t<div class=\"e-con-inner\">\n\t\t\t\t<div class=\"elementor-element elementor-element-924a08a elementor-widget elementor-widget-shortcode\" data-id=\"924a08a\" data-element_type=\"widget\" data-e-type=\"widget\" data-widget_type=\"shortcode.default\">\n\t\t\t\t<div class=\"elementor-widget-container\">\n\t\t\t\t\t\t\t<div class=\"elementor-shortcode\"><style>\r\n\t#wpsl-stores .wpsl-store-thumb {height:45px !important; width:45px !important;}\r\n\t#wpsl-stores, #wpsl-direction-details, #wpsl-gmap {height:550px !important;}\r\n\t#wpsl-gmap .wpsl-info-window {max-width:225px !important;}\r\n\t.wpsl-input label, #wpsl-radius label, #wpsl-category label {width:95px;}\r\n\t#wpsl-search-input ,#wpsl-category .wpsl-dropdown {width:179px;}\r\n<\/style>\r\n<div id=\"wpsl-wrap\">\r\n\t<div class=\"wpsl-search wpsl-clearfix wpsl-filter\">\r\n\t\t<div id=\"wpsl-search-wrap\">\r\n\t\t\t<form autocomplete=\"off\">\r\n\t\t\t<div class=\"wpsl-input\">\r\n\t\t\t\t<div><label for=\"wpsl-search-input\">Tu ubicaci\u00f3n<\/label><\/div>\r\n\t\t\t\t<input id=\"wpsl-search-input\" type=\"text\" value=\"\" name=\"wpsl-search-input\" placeholder=\"\" aria-required=\"true\" \/>\r\n\t\t\t<\/div>\r\n\t\t\t<div class=\"wpsl-select-wrap\">\r\n\t\t\t\t<div id=\"wpsl-radius\">\r\n\t\t\t\t\t<label for=\"wpsl-radius-dropdown\">Radio de b\u00fasqueda<\/label>\r\n\t\t\t\t\t<select id=\"wpsl-radius-dropdown\" class=\"wpsl-dropdown\" name=\"wpsl-radius\">\r\n\t\t\t\t\t\t<option value=\"10\">10 km<\/option><option value=\"25\">25 km<\/option><option value=\"50\">50 km<\/option><option selected=\"selected\" value=\"100\">100 km<\/option><option value=\"200\">200 km<\/option><option value=\"500\">500 km<\/option>\r\n\t\t\t\t\t<\/select>\r\n\t\t\t\t<\/div>\r\n\t\t\t<\/div>\r\n\t\t\t\t<div class=\"wpsl-search-btn-wrap\"><input id=\"wpsl-search-btn\" type=\"submit\" value=\"Buscar\"><\/div>\r\n\t\t<\/form>\r\n\t\t<\/div>\r\n\t<\/div>\r\n\t<div id=\"wpsl-gmap\" class=\"wpsl-gmap-canvas\"><\/div>\r\n\t<div id=\"wpsl-result-list\">\r\n\t\t<div id=\"wpsl-stores\" >\r\n\t\t\t<ul><\/ul>\r\n\t\t<\/div>\r\n\t\t<div id=\"wpsl-direction-details\">\r\n\t\t\t<ul><\/ul>\r\n\t\t<\/div>\r\n\t<\/div>\r\n<\/div>\r\n<\/div>\n\t\t\t\t\t\t<\/div>\n\t\t\t\t<\/div>\n\t\t\t\t\t<\/div>\n\t\t\t\t<\/div>\n\t\t<div class=\"elementor-element elementor-element-40d4c050 e-con-full e-flex e-con e-parent\" data-id=\"40d4c050\" data-element_type=\"container\" data-e-type=\"container\">\n\t\t<div class=\"elementor-element elementor-element-528fcd23 e-con-full e-flex e-con e-child\" data-id=\"528fcd23\" data-element_type=\"container\" data-e-type=\"container\">\n\t\t<div class=\"elementor-element elementor-element-6c1ccde9 e-flex e-con-boxed e-con e-child\" data-id=\"6c1ccde9\" data-element_type=\"container\" data-e-type=\"container\" data-settings=\"{&quot;background_background&quot;:&quot;classic&quot;}\">\n\t\t\t\t\t<div class=\"e-con-inner\">\n\t\t\t\t<div class=\"elementor-element elementor-element-ecb2b8f elementor-widget elementor-widget-image\" data-id=\"ecb2b8f\" data-element_type=\"widget\" data-e-type=\"widget\" data-widget_type=\"image.default\">\n\t\t\t\t<div class=\"elementor-widget-container\">\n\t\t\t\t\t\t\t\t\t\t\t\t\t\t\t\t<a href=\"https:\/\/pheromonehelper.ca\/yellowjacket-wasp-trap\/\">\n\t\t\t\t\t\t\t<img fetchpriority=\"high\" decoding=\"async\" width=\"600\" height=\"600\" src=\"https:\/\/pheromonehelper.ca\/wp-content\/uploads\/2024\/02\/wasp-bag-new-sm.jpg\" class=\"attachment-full size-full wp-image-4221\" alt=\"Catchy Wasp Trap\" srcset=\"https:\/\/pheromonehelper.ca\/wp-content\/uploads\/2024\/02\/wasp-bag-new-sm.jpg 600w, https:\/\/pheromonehelper.ca\/wp-content\/uploads\/2024\/02\/wasp-bag-new-sm-300x300.jpg 300w, https:\/\/pheromonehelper.ca\/wp-content\/uploads\/2024\/02\/wasp-bag-new-sm-150x150.jpg 150w\" sizes=\"(max-width: 600px) 100vw, 600px\" \/>\t\t\t\t\t\t\t\t<\/a>\n\t\t\t\t\t\t\t\t\t\t\t\t\t\t\t<\/div>\n\t\t\t\t<\/div>\n\t\t\t\t<div class=\"elementor-element elementor-element-31fc6434 elementor-widget elementor-widget-heading\" data-id=\"31fc6434\" data-element_type=\"widget\" data-e-type=\"widget\" data-widget_type=\"heading.default\">\n\t\t\t\t<div class=\"elementor-widget-container\">\n\t\t\t\t\t<h3 class=\"elementor-heading-title elementor-size-default\"><a href=\"https:\/\/pheromonehelper.ca\/yellowjacket-wasp-trap\/\">Avispa y Avispa Amarilla<br>Bolsa Trampa<\/a><\/h3>\t\t\t\t<\/div>\n\t\t\t\t<\/div>\n\t\t\t\t<div class=\"elementor-element elementor-element-15a226bf elementor-tablet-align-center elementor-align-center elementor-widget elementor-widget-button\" data-id=\"15a226bf\" data-element_type=\"widget\" data-e-type=\"widget\" data-widget_type=\"button.default\">\n\t\t\t\t<div class=\"elementor-widget-container\">\n\t\t\t\t\t\t\t\t\t<div class=\"elementor-button-wrapper\">\n\t\t\t\t\t<a class=\"elementor-button elementor-button-link elementor-size-sm\" href=\"https:\/\/pheromonehelper.ca\/es\/trampa-para-avispas-y-avispones\/\">\n\t\t\t\t\t\t<span class=\"elementor-button-content-wrapper\">\n\t\t\t\t\t\t\t\t\t<span class=\"elementor-button-text\">Ver el producto<\/span>\n\t\t\t\t\t<\/span>\n\t\t\t\t\t<\/a>\n\t\t\t\t<\/div>\n\t\t\t\t\t\t\t\t<\/div>\n\t\t\t\t<\/div>\n\t\t\t\t\t<\/div>\n\t\t\t\t<\/div>\n\t\t<div class=\"elementor-element elementor-element-66ef4702 e-flex e-con-boxed e-con e-child\" data-id=\"66ef4702\" data-element_type=\"container\" data-e-type=\"container\" data-settings=\"{&quot;background_background&quot;:&quot;classic&quot;}\">\n\t\t\t\t\t<div class=\"e-con-inner\">\n\t\t\t\t<div class=\"elementor-element elementor-element-12d5f024 elementor-widget elementor-widget-image\" data-id=\"12d5f024\" data-element_type=\"widget\" data-e-type=\"widget\" data-widget_type=\"image.default\">\n\t\t\t\t<div class=\"elementor-widget-container\">\n\t\t\t\t\t\t\t\t\t\t\t\t\t\t\t\t<a href=\"https:\/\/pheromonehelper.ca\/yellowjacket-wasp-trap\/\">\n\t\t\t\t\t\t\t<img decoding=\"async\" width=\"800\" height=\"800\" src=\"https:\/\/pheromonehelper.ca\/wp-content\/uploads\/2022\/09\/intkosupply-product-yellowjacket.jpg\" class=\"attachment-full size-full wp-image-1306\" alt=\"\" srcset=\"https:\/\/pheromonehelper.ca\/wp-content\/uploads\/2022\/09\/intkosupply-product-yellowjacket.jpg 800w, https:\/\/pheromonehelper.ca\/wp-content\/uploads\/2022\/09\/intkosupply-product-yellowjacket-300x300.jpg 300w, https:\/\/pheromonehelper.ca\/wp-content\/uploads\/2022\/09\/intkosupply-product-yellowjacket-150x150.jpg 150w, https:\/\/pheromonehelper.ca\/wp-content\/uploads\/2022\/09\/intkosupply-product-yellowjacket-768x768.jpg 768w\" sizes=\"(max-width: 800px) 100vw, 800px\" \/>\t\t\t\t\t\t\t\t<\/a>\n\t\t\t\t\t\t\t\t\t\t\t\t\t\t\t<\/div>\n\t\t\t\t<\/div>\n\t\t\t\t<div class=\"elementor-element elementor-element-69d3a949 elementor-widget elementor-widget-heading\" data-id=\"69d3a949\" data-element_type=\"widget\" data-e-type=\"widget\" data-widget_type=\"heading.default\">\n\t\t\t\t<div class=\"elementor-widget-container\">\n\t\t\t\t\t<h2 class=\"elementor-heading-title elementor-size-default\"><a href=\"https:\/\/pheromonehelper.ca\/yellowjacket-wasp-trap\/\">Avispa y Avisp\u00f3n<br>Botella Trampa<\/a><\/h2>\t\t\t\t<\/div>\n\t\t\t\t<\/div>\n\t\t\t\t<div class=\"elementor-element elementor-element-7f7c988d elementor-tablet-align-center elementor-align-center elementor-widget elementor-widget-button\" data-id=\"7f7c988d\" data-element_type=\"widget\" data-e-type=\"widget\" data-widget_type=\"button.default\">\n\t\t\t\t<div class=\"elementor-widget-container\">\n\t\t\t\t\t\t\t\t\t<div class=\"elementor-button-wrapper\">\n\t\t\t\t\t<a class=\"elementor-button elementor-button-link elementor-size-sm\" href=\"https:\/\/pheromonehelper.ca\/es\/yellowjacket-wasp-bottle-trap\/\">\n\t\t\t\t\t\t<span class=\"elementor-button-content-wrapper\">\n\t\t\t\t\t\t\t\t\t<span class=\"elementor-button-text\">Ver el producto<\/span>\n\t\t\t\t\t<\/span>\n\t\t\t\t\t<\/a>\n\t\t\t\t<\/div>\n\t\t\t\t\t\t\t\t<\/div>\n\t\t\t\t<\/div>\n\t\t\t\t\t<\/div>\n\t\t\t\t<\/div>\n\t\t\t\t<\/div>\n\t\t<div class=\"elementor-element elementor-element-354a69ef e-con-full e-flex e-con e-child\" data-id=\"354a69ef\" data-element_type=\"container\" data-e-type=\"container\">\n\t\t<div class=\"elementor-element elementor-element-232a5fb5 e-flex e-con-boxed e-con e-child\" data-id=\"232a5fb5\" data-element_type=\"container\" data-e-type=\"container\" data-settings=\"{&quot;background_background&quot;:&quot;classic&quot;}\">\n\t\t\t\t\t<div class=\"e-con-inner\">\n\t\t\t\t<div class=\"elementor-element elementor-element-5e7cb528 elementor-widget elementor-widget-image\" data-id=\"5e7cb528\" data-element_type=\"widget\" data-e-type=\"widget\" data-widget_type=\"image.default\">\n\t\t\t\t<div class=\"elementor-widget-container\">\n\t\t\t\t\t\t\t\t\t\t\t\t\t\t\t\t<a href=\"https:\/\/pheromonehelper.ca\/asian-hornet-trap\/\">\n\t\t\t\t\t\t\t<img decoding=\"async\" width=\"400\" height=\"400\" src=\"https:\/\/pheromonehelper.ca\/wp-content\/uploads\/2023\/09\/swarmcatch-sm.jpg\" class=\"attachment-full size-full wp-image-2635\" alt=\"\" srcset=\"https:\/\/pheromonehelper.ca\/wp-content\/uploads\/2023\/09\/swarmcatch-sm.jpg 400w, https:\/\/pheromonehelper.ca\/wp-content\/uploads\/2023\/09\/swarmcatch-sm-300x300.jpg 300w, https:\/\/pheromonehelper.ca\/wp-content\/uploads\/2023\/09\/swarmcatch-sm-150x150.jpg 150w\" sizes=\"(max-width: 400px) 100vw, 400px\" \/>\t\t\t\t\t\t\t\t<\/a>\n\t\t\t\t\t\t\t\t\t\t\t\t\t\t\t<\/div>\n\t\t\t\t<\/div>\n\t\t\t\t<div class=\"elementor-element elementor-element-7738fad7 elementor-widget elementor-widget-heading\" data-id=\"7738fad7\" data-element_type=\"widget\" data-e-type=\"widget\" data-widget_type=\"heading.default\">\n\t\t\t\t<div class=\"elementor-widget-container\">\n\t\t\t\t\t<h2 class=\"elementor-heading-title elementor-size-default\"><a href=\"https:\/\/pheromonehelper.ca\/asian-hornet-trap\/\">SwarmCatch<br>Feromonas de la Abeja de la Miel<\/a><\/h2>\t\t\t\t<\/div>\n\t\t\t\t<\/div>\n\t\t\t\t<div class=\"elementor-element elementor-element-684cf136 elementor-tablet-align-center elementor-align-center elementor-widget elementor-widget-button\" data-id=\"684cf136\" data-element_type=\"widget\" data-e-type=\"widget\" data-widget_type=\"button.default\">\n\t\t\t\t<div class=\"elementor-widget-container\">\n\t\t\t\t\t\t\t\t\t<div class=\"elementor-button-wrapper\">\n\t\t\t\t\t<a class=\"elementor-button elementor-button-link elementor-size-sm\" href=\"https:\/\/pheromonehelper.ca\/es\/swarmcatch\/\">\n\t\t\t\t\t\t<span class=\"elementor-button-content-wrapper\">\n\t\t\t\t\t\t\t\t\t<span class=\"elementor-button-text\">Ver el producto<\/span>\n\t\t\t\t\t<\/span>\n\t\t\t\t\t<\/a>\n\t\t\t\t<\/div>\n\t\t\t\t\t\t\t\t<\/div>\n\t\t\t\t<\/div>\n\t\t\t\t\t<\/div>\n\t\t\t\t<\/div>\n\t\t<div class=\"elementor-element elementor-element-12c04eef e-flex e-con-boxed e-con e-child\" data-id=\"12c04eef\" data-element_type=\"container\" data-e-type=\"container\" data-settings=\"{&quot;background_background&quot;:&quot;classic&quot;}\">\n\t\t\t\t\t<div class=\"e-con-inner\">\n\t\t\t\t<div class=\"elementor-element elementor-element-8b013c7 elementor-widget elementor-widget-image\" data-id=\"8b013c7\" data-element_type=\"widget\" data-e-type=\"widget\" data-widget_type=\"image.default\">\n\t\t\t\t<div class=\"elementor-widget-container\">\n\t\t\t\t\t\t\t\t\t\t\t\t\t\t\t\t<a href=\"https:\/\/pheromonehelper.ca\/asian-hornet-trap\/\">\n\t\t\t\t\t\t\t<img loading=\"lazy\" decoding=\"async\" width=\"400\" height=\"400\" src=\"https:\/\/pheromonehelper.ca\/wp-content\/uploads\/2023\/09\/tempqueen-sm.jpg\" class=\"attachment-full size-full wp-image-2647\" alt=\"\" srcset=\"https:\/\/pheromonehelper.ca\/wp-content\/uploads\/2023\/09\/tempqueen-sm.jpg 400w, https:\/\/pheromonehelper.ca\/wp-content\/uploads\/2023\/09\/tempqueen-sm-300x300.jpg 300w, https:\/\/pheromonehelper.ca\/wp-content\/uploads\/2023\/09\/tempqueen-sm-150x150.jpg 150w\" sizes=\"(max-width: 400px) 100vw, 400px\" \/>\t\t\t\t\t\t\t\t<\/a>\n\t\t\t\t\t\t\t\t\t\t\t\t\t\t\t<\/div>\n\t\t\t\t<\/div>\n\t\t\t\t<div class=\"elementor-element elementor-element-37783edd elementor-widget elementor-widget-heading\" data-id=\"37783edd\" data-element_type=\"widget\" data-e-type=\"widget\" data-widget_type=\"heading.default\">\n\t\t\t\t<div class=\"elementor-widget-container\">\n\t\t\t\t\t<h2 class=\"elementor-heading-title elementor-size-default\"><a href=\"https:\/\/pheromonehelper.ca\/asian-hornet-trap\/\">TempQueen<br>Feromonas de la Abeja de la Miel<\/a><\/h2>\t\t\t\t<\/div>\n\t\t\t\t<\/div>\n\t\t\t\t<div class=\"elementor-element elementor-element-3f4b5aaf elementor-tablet-align-center elementor-align-center elementor-widget elementor-widget-button\" data-id=\"3f4b5aaf\" data-element_type=\"widget\" data-e-type=\"widget\" data-widget_type=\"button.default\">\n\t\t\t\t<div class=\"elementor-widget-container\">\n\t\t\t\t\t\t\t\t\t<div class=\"elementor-button-wrapper\">\n\t\t\t\t\t<a class=\"elementor-button elementor-button-link elementor-size-sm\" href=\"https:\/\/pheromonehelper.ca\/es\/tempqueen\/\">\n\t\t\t\t\t\t<span class=\"elementor-button-content-wrapper\">\n\t\t\t\t\t\t\t\t\t<span class=\"elementor-button-text\">Ver el producto<\/span>\n\t\t\t\t\t<\/span>\n\t\t\t\t\t<\/a>\n\t\t\t\t<\/div>\n\t\t\t\t\t\t\t\t<\/div>\n\t\t\t\t<\/div>\n\t\t\t\t\t<\/div>\n\t\t\t\t<\/div>\n\t\t\t\t<\/div>\n\t\t\t\t<\/div>\n\t\t\t\t<\/div>\n\t\t","protected":false},"excerpt":{"rendered":"<p>D\u00d3NDE ENCONTRARNOS Distribuidores En Intko Supply Ltd., somos una empresa l\u00edder y bien establecida que se especializa en la fabricaci\u00f3n, distribuci\u00f3n y mantenimiento de inventarios de productos \u00fanicos y de alta calidad a base de feromonas para la industria ap\u00edcola, as\u00ed como trampas para insectos para propietarios de viviendas. Estamos orgullosos de colaborar con empresas [&hellip;]<\/p>\n","protected":false},"author":3,"featured_media":0,"parent":0,"menu_order":0,"comment_status":"closed","ping_status":"closed","template":"elementor_header_footer","meta":{"footnotes":""},"class_list":["post-4267","page","type-page","status-publish","hentry"],"_links":{"self":[{"href":"https:\/\/pheromonehelper.ca\/es\/wp-json\/wp\/v2\/pages\/4267","targetHints":{"allow":["GET"]}}],"collection":[{"href":"https:\/\/pheromonehelper.ca\/es\/wp-json\/wp\/v2\/pages"}],"about":[{"href":"https:\/\/pheromonehelper.ca\/es\/wp-json\/wp\/v2\/types\/page"}],"author":[{"embeddable":true,"href":"https:\/\/pheromonehelper.ca\/es\/wp-json\/wp\/v2\/users\/3"}],"replies":[{"embeddable":true,"href":"https:\/\/pheromonehelper.ca\/es\/wp-json\/wp\/v2\/comments?post=4267"}],"version-history":[{"count":4,"href":"https:\/\/pheromonehelper.ca\/es\/wp-json\/wp\/v2\/pages\/4267\/revisions"}],"predecessor-version":[{"id":4351,"href":"https:\/\/pheromonehelper.ca\/es\/wp-json\/wp\/v2\/pages\/4267\/revisions\/4351"}],"wp:attachment":[{"href":"https:\/\/pheromonehelper.ca\/es\/wp-json\/wp\/v2\/media?parent=4267"}],"curies":[{"name":"wp","href":"https:\/\/api.w.org\/{rel}","templated":true}]}}