{"id":2767,"date":"2022-06-30T01:09:02","date_gmt":"2022-06-30T08:09:02","guid":{"rendered":"https:\/\/pheromonehelper.ca\/a-propos\/"},"modified":"2024-02-09T15:57:28","modified_gmt":"2024-02-09T23:57:28","slug":"a-propos","status":"publish","type":"page","link":"https:\/\/pheromonehelper.ca\/fr\/a-propos\/","title":{"rendered":"\u00c0 propos"},"content":{"rendered":"\t\t<div data-elementor-type=\"wp-page\" data-elementor-id=\"2767\" class=\"elementor elementor-2767 elementor-106\" data-elementor-post-type=\"page\">\n\t\t\t\t<div class=\"elementor-element elementor-element-56131269 e-con-full e-flex e-con e-parent\" data-id=\"56131269\" data-element_type=\"container\" data-e-type=\"container\">\n\t\t<div class=\"elementor-element elementor-element-4f8f7c4a e-con-full e-flex e-con e-child\" data-id=\"4f8f7c4a\" data-element_type=\"container\" data-e-type=\"container\" data-settings=\"{&quot;background_background&quot;:&quot;classic&quot;,&quot;animation&quot;:&quot;none&quot;}\">\n\t\t\t\t<\/div>\n\t\t<div class=\"elementor-element elementor-element-2ad76ad1 e-con-full e-flex e-con e-child\" data-id=\"2ad76ad1\" data-element_type=\"container\" data-e-type=\"container\" data-settings=\"{&quot;background_background&quot;:&quot;classic&quot;,&quot;animation_delay&quot;:300,&quot;animation&quot;:&quot;none&quot;}\">\n\t\t\t\t<div class=\"elementor-element elementor-element-b8d0020 elementor-widget elementor-widget-heading\" data-id=\"b8d0020\" data-element_type=\"widget\" data-e-type=\"widget\" data-settings=\"{&quot;_animation&quot;:&quot;none&quot;}\" data-widget_type=\"heading.default\">\n\t\t\t\t<div class=\"elementor-widget-container\">\n\t\t\t\t\t<h2 class=\"elementor-heading-title elementor-size-default\">THE IDEA GROUP<\/h2>\t\t\t\t<\/div>\n\t\t\t\t<\/div>\n\t\t\t\t<div class=\"elementor-element elementor-element-2e652eeb elementor-widget elementor-widget-heading\" data-id=\"2e652eeb\" data-element_type=\"widget\" data-e-type=\"widget\" data-settings=\"{&quot;_animation&quot;:&quot;none&quot;}\" data-widget_type=\"heading.default\">\n\t\t\t\t<div class=\"elementor-widget-container\">\n\t\t\t\t\t<h1 class=\"elementor-heading-title elementor-size-default\">\u00c0 propos de nous<\/h1>\t\t\t\t<\/div>\n\t\t\t\t<\/div>\n\t\t\t\t<div class=\"elementor-element elementor-element-2cdf782f elementor-widget elementor-widget-text-editor\" data-id=\"2cdf782f\" data-element_type=\"widget\" data-e-type=\"widget\" data-widget_type=\"text-editor.default\">\n\t\t\t\t<div class=\"elementor-widget-container\">\n\t\t\t\t\t\t\t\t\t<p>Chez Intko Supply Ltd., nous sommes une entreprise leader et bien \u00e9tablie sp\u00e9cialis\u00e9e dans la fabrication, la distribution et la tenue de stocks de produits uniques et de qualit\u00e9 sup\u00e9rieure \u00e0 base de ph\u00e9romones pour l&rsquo;industrie apicole ainsi que de pi\u00e8ges \u00e0 insectes pour les propri\u00e9taires. L&rsquo;entreprise a \u00e9t\u00e9 cr\u00e9\u00e9e en 2015 et a rapidement acquis une reconnaissance mondiale pour fournir des produits et services exceptionnels \u00e0 ses clients.<\/p>\n\t\t\t\t\t\t\t\t<\/div>\n\t\t\t\t<\/div>\n\t\t\t\t<div class=\"elementor-element elementor-element-29d05164 elementor-icon-list--layout-traditional elementor-list-item-link-full_width elementor-widget elementor-widget-icon-list\" data-id=\"29d05164\" data-element_type=\"widget\" data-e-type=\"widget\" data-widget_type=\"icon-list.default\">\n\t\t\t\t<div class=\"elementor-widget-container\">\n\t\t\t\t\t\t\t<ul class=\"elementor-icon-list-items\">\n\t\t\t\t\t\t\t<li class=\"elementor-icon-list-item\">\n\t\t\t\t\t\t\t\t\t\t\t<span class=\"elementor-icon-list-icon\">\n\t\t\t\t\t\t\t<i aria-hidden=\"true\" class=\"fas fa-box-open\"><\/i>\t\t\t\t\t\t<\/span>\n\t\t\t\t\t\t\t\t\t\t<span class=\"elementor-icon-list-text\">Produits de qualit\u00e9<\/span>\n\t\t\t\t\t\t\t\t\t<\/li>\n\t\t\t\t\t\t\t\t<li class=\"elementor-icon-list-item\">\n\t\t\t\t\t\t\t\t\t\t\t<span class=\"elementor-icon-list-icon\">\n\t\t\t\t\t\t\t<i aria-hidden=\"true\" class=\"fas fa-user-check\"><\/i>\t\t\t\t\t\t<\/span>\n\t\t\t\t\t\t\t\t\t\t<span class=\"elementor-icon-list-text\">Service excellent<\/span>\n\t\t\t\t\t\t\t\t\t<\/li>\n\t\t\t\t\t\t\t\t<li class=\"elementor-icon-list-item\">\n\t\t\t\t\t\t\t\t\t\t\t<span class=\"elementor-icon-list-icon\">\n\t\t\t\t\t\t\t<i aria-hidden=\"true\" class=\"fas fa-shipping-fast\"><\/i>\t\t\t\t\t\t<\/span>\n\t\t\t\t\t\t\t\t\t\t<span class=\"elementor-icon-list-text\">Exp\u00e9dition en temps opportun<\/span>\n\t\t\t\t\t\t\t\t\t<\/li>\n\t\t\t\t\t\t<\/ul>\n\t\t\t\t\t\t<\/div>\n\t\t\t\t<\/div>\n\t\t\t\t<div class=\"elementor-element elementor-element-29ed5da7 elementor-align-left elementor-mobile-align-center elementor-tablet-align-center elementor-widget elementor-widget-button\" data-id=\"29ed5da7\" data-element_type=\"widget\" data-e-type=\"widget\" data-widget_type=\"button.default\">\n\t\t\t\t<div class=\"elementor-widget-container\">\n\t\t\t\t\t\t\t\t\t<div class=\"elementor-button-wrapper\">\n\t\t\t\t\t<a class=\"elementor-button elementor-button-link elementor-size-sm\" href=\"https:\/\/pheromonehelper.ca\/fr\/contact\/\">\n\t\t\t\t\t\t<span class=\"elementor-button-content-wrapper\">\n\t\t\t\t\t\t\t\t\t<span class=\"elementor-button-text\">Contact<\/span>\n\t\t\t\t\t<\/span>\n\t\t\t\t\t<\/a>\n\t\t\t\t<\/div>\n\t\t\t\t\t\t\t\t<\/div>\n\t\t\t\t<\/div>\n\t\t\t\t<\/div>\n\t\t\t\t<\/div>\n\t\t<div class=\"elementor-element elementor-element-9b08e7e e-flex e-con-boxed e-con e-parent\" data-id=\"9b08e7e\" data-element_type=\"container\" data-e-type=\"container\">\n\t\t\t\t\t<div class=\"e-con-inner\">\n\t\t<div class=\"elementor-element elementor-element-2e4155e e-con-full e-flex e-con e-child\" data-id=\"2e4155e\" data-element_type=\"container\" data-e-type=\"container\">\n\t\t\t\t<div class=\"elementor-element elementor-element-856c326 elementor-mobile-align-center elementor-icon-list--layout-traditional elementor-list-item-link-full_width elementor-widget elementor-widget-icon-list\" data-id=\"856c326\" data-element_type=\"widget\" data-e-type=\"widget\" data-widget_type=\"icon-list.default\">\n\t\t\t\t<div class=\"elementor-widget-container\">\n\t\t\t\t\t\t\t<ul class=\"elementor-icon-list-items\">\n\t\t\t\t\t\t\t<li class=\"elementor-icon-list-item\">\n\t\t\t\t\t\t\t\t\t\t\t<span class=\"elementor-icon-list-icon\">\n\t\t\t\t\t\t\t<i aria-hidden=\"true\" class=\"fas fa-heart\"><\/i>\t\t\t\t\t\t<\/span>\n\t\t\t\t\t\t\t\t\t\t<span class=\"elementor-icon-list-text\">Nos valeurs<\/span>\n\t\t\t\t\t\t\t\t\t<\/li>\n\t\t\t\t\t\t<\/ul>\n\t\t\t\t\t\t<\/div>\n\t\t\t\t<\/div>\n\t\t\t\t<div class=\"elementor-element elementor-element-5c4d1fe elementor-widget elementor-widget-text-editor\" data-id=\"5c4d1fe\" data-element_type=\"widget\" data-e-type=\"widget\" data-widget_type=\"text-editor.default\">\n\t\t\t\t<div class=\"elementor-widget-container\">\n\t\t\t\t\t\t\t\t\t<p>Nous sommes engag\u00e9s envers un ensemble de valeurs fondamentales qui d\u00e9finissent qui nous sommes. Ils nous guideront pour devenir l&rsquo;entreprise que nous voulons \u00eatre.<\/p>\n\t\t\t\t\t\t\t\t<\/div>\n\t\t\t\t<\/div>\n\t\t\t\t<div class=\"elementor-element elementor-element-fe1996a elementor-widget elementor-widget-heading\" data-id=\"fe1996a\" data-element_type=\"widget\" data-e-type=\"widget\" data-widget_type=\"heading.default\">\n\t\t\t\t<div class=\"elementor-widget-container\">\n\t\t\t\t\t<h4 class=\"elementor-heading-title elementor-size-default\">QUALIT\u00c9<\/h4>\t\t\t\t<\/div>\n\t\t\t\t<\/div>\n\t\t\t\t<div class=\"elementor-element elementor-element-d07d269 elementor-widget elementor-widget-text-editor\" data-id=\"d07d269\" data-element_type=\"widget\" data-e-type=\"widget\" data-widget_type=\"text-editor.default\">\n\t\t\t\t<div class=\"elementor-widget-container\">\n\t\t\t\t\t\t\t\t\t<p>Nous nous effor\u00e7ons d&rsquo;obtenir la meilleure qualit\u00e9 \u00e0 chaque fois et d&rsquo;am\u00e9liorer en permanence les produits que nous fabriquons.<\/p>\n\t\t\t\t\t\t\t\t<\/div>\n\t\t\t\t<\/div>\n\t\t\t\t<div class=\"elementor-element elementor-element-52339d9 elementor-widget elementor-widget-heading\" data-id=\"52339d9\" data-element_type=\"widget\" data-e-type=\"widget\" data-widget_type=\"heading.default\">\n\t\t\t\t<div class=\"elementor-widget-container\">\n\t\t\t\t\t<h4 class=\"elementor-heading-title elementor-size-default\">INT\u00c9GRIT\u00c9<\/h4>\t\t\t\t<\/div>\n\t\t\t\t<\/div>\n\t\t\t\t<div class=\"elementor-element elementor-element-7f85191 elementor-widget elementor-widget-text-editor\" data-id=\"7f85191\" data-element_type=\"widget\" data-e-type=\"widget\" data-widget_type=\"text-editor.default\">\n\t\t\t\t<div class=\"elementor-widget-container\">\n\t\t\t\t\t\t\t\t\t<p>Nous pratiquons uniquement les normes \u00e9thiques les plus \u00e9lev\u00e9es dans tout ce que nous faisons.<\/p>\n\t\t\t\t\t\t\t\t<\/div>\n\t\t\t\t<\/div>\n\t\t\t\t<div class=\"elementor-element elementor-element-3f7e6b1 elementor-widget elementor-widget-heading\" data-id=\"3f7e6b1\" data-element_type=\"widget\" data-e-type=\"widget\" data-widget_type=\"heading.default\">\n\t\t\t\t<div class=\"elementor-widget-container\">\n\t\t\t\t\t<h4 class=\"elementor-heading-title elementor-size-default\">RESPECT<\/h4>\t\t\t\t<\/div>\n\t\t\t\t<\/div>\n\t\t\t\t<div class=\"elementor-element elementor-element-1ec26b5 elementor-widget elementor-widget-text-editor\" data-id=\"1ec26b5\" data-element_type=\"widget\" data-e-type=\"widget\" data-widget_type=\"text-editor.default\">\n\t\t\t\t<div class=\"elementor-widget-container\">\n\t\t\t\t\t\t\t\t\t<p>Nous visons constamment \u00e0 maintenir cette valeur en \u00e9tant honn\u00eates et fiables dans tout ce que nous faisons.<\/p>\n\t\t\t\t\t\t\t\t<\/div>\n\t\t\t\t<\/div>\n\t\t\t\t<\/div>\n\t\t<div class=\"elementor-element elementor-element-0d84d7a e-con-full e-flex e-con e-child\" data-id=\"0d84d7a\" data-element_type=\"container\" data-e-type=\"container\">\n\t\t<div class=\"elementor-element elementor-element-c1cde92 e-flex e-con-boxed e-con e-child\" data-id=\"c1cde92\" data-element_type=\"container\" data-e-type=\"container\">\n\t\t\t\t\t<div class=\"e-con-inner\">\n\t\t\t\t<div class=\"elementor-element elementor-element-33361df elementor-mobile-align-center elementor-icon-list--layout-traditional elementor-list-item-link-full_width elementor-widget elementor-widget-icon-list\" data-id=\"33361df\" data-element_type=\"widget\" data-e-type=\"widget\" data-widget_type=\"icon-list.default\">\n\t\t\t\t<div class=\"elementor-widget-container\">\n\t\t\t\t\t\t\t<ul class=\"elementor-icon-list-items\">\n\t\t\t\t\t\t\t<li class=\"elementor-icon-list-item\">\n\t\t\t\t\t\t\t\t\t\t\t<span class=\"elementor-icon-list-icon\">\n\t\t\t\t\t\t\t<i aria-hidden=\"true\" class=\"fas fa-rocket\"><\/i>\t\t\t\t\t\t<\/span>\n\t\t\t\t\t\t\t\t\t\t<span class=\"elementor-icon-list-text\">Notre Mission<\/span>\n\t\t\t\t\t\t\t\t\t<\/li>\n\t\t\t\t\t\t<\/ul>\n\t\t\t\t\t\t<\/div>\n\t\t\t\t<\/div>\n\t\t\t\t<div class=\"elementor-element elementor-element-74ebe90 elementor-widget elementor-widget-text-editor\" data-id=\"74ebe90\" data-element_type=\"widget\" data-e-type=\"widget\" data-widget_type=\"text-editor.default\">\n\t\t\t\t<div class=\"elementor-widget-container\">\n\t\t\t\t\t\t\t\t\t<p>Nous soutiendrons nos clients et r\u00e9pondrons \u00e0 leurs besoins au mieux de nos capacit\u00e9s. Nos clients peuvent compter sur nous pour \u00eatre l\u00e0 pour eux quand ils ont besoin de nous.<\/p>\n\t\t\t\t\t\t\t\t<\/div>\n\t\t\t\t<\/div>\n\t\t\t\t\t<\/div>\n\t\t\t\t<\/div>\n\t\t<div class=\"elementor-element elementor-element-96208ba e-flex e-con-boxed e-con e-child\" data-id=\"96208ba\" data-element_type=\"container\" data-e-type=\"container\">\n\t\t\t\t\t<div class=\"e-con-inner\">\n\t\t\t\t<div class=\"elementor-element elementor-element-54f9816 elementor-mobile-align-center elementor-icon-list--layout-traditional elementor-list-item-link-full_width elementor-widget elementor-widget-icon-list\" data-id=\"54f9816\" data-element_type=\"widget\" data-e-type=\"widget\" data-widget_type=\"icon-list.default\">\n\t\t\t\t<div class=\"elementor-widget-container\">\n\t\t\t\t\t\t\t<ul class=\"elementor-icon-list-items\">\n\t\t\t\t\t\t\t<li class=\"elementor-icon-list-item\">\n\t\t\t\t\t\t\t\t\t\t\t<span class=\"elementor-icon-list-icon\">\n\t\t\t\t\t\t\t<i aria-hidden=\"true\" class=\"far fa-eye\"><\/i>\t\t\t\t\t\t<\/span>\n\t\t\t\t\t\t\t\t\t\t<span class=\"elementor-icon-list-text\">Notre vision<\/span>\n\t\t\t\t\t\t\t\t\t<\/li>\n\t\t\t\t\t\t<\/ul>\n\t\t\t\t\t\t<\/div>\n\t\t\t\t<\/div>\n\t\t\t\t<div class=\"elementor-element elementor-element-dd34783 elementor-widget elementor-widget-text-editor\" data-id=\"dd34783\" data-element_type=\"widget\" data-e-type=\"widget\" data-widget_type=\"text-editor.default\">\n\t\t\t\t<div class=\"elementor-widget-container\">\n\t\t\t\t\t\t\t\t\t<p>Devenez un distributeur v\u00e9ritablement mondial de produits uniques pour les abeilles \u00e0 base de ph\u00e9romones et fournissez aux propri\u00e9taires des pi\u00e8ges \u00e0 insectes de haute qualit\u00e9.<\/p>\n\t\t\t\t\t\t\t\t<\/div>\n\t\t\t\t<\/div>\n\t\t\t\t\t<\/div>\n\t\t\t\t<\/div>\n\t\t<div class=\"elementor-element elementor-element-efc462a e-flex e-con-boxed e-con e-child\" data-id=\"efc462a\" data-element_type=\"container\" data-e-type=\"container\">\n\t\t\t\t\t<div class=\"e-con-inner\">\n\t\t\t\t<div class=\"elementor-element elementor-element-43bffe0 elementor-mobile-align-center elementor-icon-list--layout-traditional elementor-list-item-link-full_width elementor-widget elementor-widget-icon-list\" data-id=\"43bffe0\" data-element_type=\"widget\" data-e-type=\"widget\" data-widget_type=\"icon-list.default\">\n\t\t\t\t<div class=\"elementor-widget-container\">\n\t\t\t\t\t\t\t<ul class=\"elementor-icon-list-items\">\n\t\t\t\t\t\t\t<li class=\"elementor-icon-list-item\">\n\t\t\t\t\t\t\t\t\t\t\t<span class=\"elementor-icon-list-icon\">\n\t\t\t\t\t\t\t<i aria-hidden=\"true\" class=\"fab fa-canadian-maple-leaf\"><\/i>\t\t\t\t\t\t<\/span>\n\t\t\t\t\t\t\t\t\t\t<span class=\"elementor-icon-list-text\">Fi\u00e8rement Canadien<\/span>\n\t\t\t\t\t\t\t\t\t<\/li>\n\t\t\t\t\t\t<\/ul>\n\t\t\t\t\t\t<\/div>\n\t\t\t\t<\/div>\n\t\t\t\t<div class=\"elementor-element elementor-element-9165a64 elementor-widget elementor-widget-text-editor\" data-id=\"9165a64\" data-element_type=\"widget\" data-e-type=\"widget\" data-widget_type=\"text-editor.default\">\n\t\t\t\t<div class=\"elementor-widget-container\">\n\t\t\t\t\t\t\t\t\t<p>Nous sommes une entreprise canadienne situ\u00e9e \u00e0 Chilliwack, British Columbia, et nous exp\u00e9dions nos produits dans le monde entier.<\/p>\n\t\t\t\t\t\t\t\t<\/div>\n\t\t\t\t<\/div>\n\t\t\t\t\t<\/div>\n\t\t\t\t<\/div>\n\t\t\t\t<\/div>\n\t\t\t\t\t<\/div>\n\t\t\t\t<\/div>\n\t\t<div class=\"elementor-element elementor-element-6053ace8 e-con-full e-flex e-con e-parent\" data-id=\"6053ace8\" data-element_type=\"container\" data-e-type=\"container\" data-settings=\"{&quot;background_background&quot;:&quot;classic&quot;}\">\n\t\t\t\t<div class=\"elementor-element elementor-element-595795da gallery-spacing-custom elementor-widget elementor-widget-image-gallery\" data-id=\"595795da\" data-element_type=\"widget\" data-e-type=\"widget\" data-widget_type=\"image-gallery.default\">\n\t\t\t\t<div class=\"elementor-widget-container\">\n\t\t\t\t\t\t\t<div class=\"elementor-image-gallery\">\n\t\t\t<div id='gallery-1' class='gallery galleryid-2767 gallery-columns-5 gallery-size-medium'><figure class='gallery-item'>\n\t\t\t<div class='gallery-icon landscape'>\n\t\t\t\t<img fetchpriority=\"high\" decoding=\"async\" width=\"300\" height=\"300\" src=\"https:\/\/pheromonehelper.ca\/wp-content\/uploads\/2024\/02\/wasp-bag-new-sm-300x300.jpg\" class=\"attachment-medium size-medium\" alt=\"Catchy Wasp Trap\" srcset=\"https:\/\/pheromonehelper.ca\/wp-content\/uploads\/2024\/02\/wasp-bag-new-sm-300x300.jpg 300w, https:\/\/pheromonehelper.ca\/wp-content\/uploads\/2024\/02\/wasp-bag-new-sm-150x150.jpg 150w, https:\/\/pheromonehelper.ca\/wp-content\/uploads\/2024\/02\/wasp-bag-new-sm.jpg 600w\" sizes=\"(max-width: 300px) 100vw, 300px\" \/>\n\t\t\t<\/div><\/figure><figure class='gallery-item'>\n\t\t\t<div class='gallery-icon landscape'>\n\t\t\t\t<img decoding=\"async\" width=\"300\" height=\"300\" src=\"https:\/\/pheromonehelper.ca\/wp-content\/uploads\/2022\/09\/intkosupply-product-swarmcatch-300x300.jpg\" class=\"attachment-medium size-medium\" alt=\"\" srcset=\"https:\/\/pheromonehelper.ca\/wp-content\/uploads\/2022\/09\/intkosupply-product-swarmcatch-300x300.jpg 300w, https:\/\/pheromonehelper.ca\/wp-content\/uploads\/2022\/09\/intkosupply-product-swarmcatch-150x150.jpg 150w, https:\/\/pheromonehelper.ca\/wp-content\/uploads\/2022\/09\/intkosupply-product-swarmcatch-768x768.jpg 768w, https:\/\/pheromonehelper.ca\/wp-content\/uploads\/2022\/09\/intkosupply-product-swarmcatch.jpg 800w\" sizes=\"(max-width: 300px) 100vw, 300px\" \/>\n\t\t\t<\/div><\/figure><figure class='gallery-item'>\n\t\t\t<div class='gallery-icon landscape'>\n\t\t\t\t<img decoding=\"async\" width=\"300\" height=\"300\" src=\"https:\/\/pheromonehelper.ca\/wp-content\/uploads\/2023\/09\/intkosupply-giant-asian-hornet-300x300.jpg\" class=\"attachment-medium size-medium\" alt=\"\" srcset=\"https:\/\/pheromonehelper.ca\/wp-content\/uploads\/2023\/09\/intkosupply-giant-asian-hornet-300x300.jpg 300w, https:\/\/pheromonehelper.ca\/wp-content\/uploads\/2023\/09\/intkosupply-giant-asian-hornet-150x150.jpg 150w, https:\/\/pheromonehelper.ca\/wp-content\/uploads\/2023\/09\/intkosupply-giant-asian-hornet-768x768.jpg 768w, https:\/\/pheromonehelper.ca\/wp-content\/uploads\/2023\/09\/intkosupply-giant-asian-hornet.jpg 800w\" sizes=\"(max-width: 300px) 100vw, 300px\" \/>\n\t\t\t<\/div><\/figure><figure class='gallery-item'>\n\t\t\t<div class='gallery-icon landscape'>\n\t\t\t\t<img loading=\"lazy\" decoding=\"async\" width=\"300\" height=\"300\" src=\"https:\/\/pheromonehelper.ca\/wp-content\/uploads\/2022\/09\/intkosupply-product-tempqueen-300x300.jpg\" class=\"attachment-medium size-medium\" alt=\"\" srcset=\"https:\/\/pheromonehelper.ca\/wp-content\/uploads\/2022\/09\/intkosupply-product-tempqueen-300x300.jpg 300w, https:\/\/pheromonehelper.ca\/wp-content\/uploads\/2022\/09\/intkosupply-product-tempqueen-150x150.jpg 150w, https:\/\/pheromonehelper.ca\/wp-content\/uploads\/2022\/09\/intkosupply-product-tempqueen-768x768.jpg 768w, https:\/\/pheromonehelper.ca\/wp-content\/uploads\/2022\/09\/intkosupply-product-tempqueen.jpg 800w\" sizes=\"(max-width: 300px) 100vw, 300px\" \/>\n\t\t\t<\/div><\/figure><figure class='gallery-item'>\n\t\t\t<div class='gallery-icon landscape'>\n\t\t\t\t<img loading=\"lazy\" decoding=\"async\" width=\"300\" height=\"300\" src=\"https:\/\/pheromonehelper.ca\/wp-content\/uploads\/2023\/09\/bee-flower-300x300.jpg\" class=\"attachment-medium size-medium\" alt=\"\" srcset=\"https:\/\/pheromonehelper.ca\/wp-content\/uploads\/2023\/09\/bee-flower-300x300.jpg 300w, https:\/\/pheromonehelper.ca\/wp-content\/uploads\/2023\/09\/bee-flower-150x150.jpg 150w, https:\/\/pheromonehelper.ca\/wp-content\/uploads\/2023\/09\/bee-flower-768x768.jpg 768w, https:\/\/pheromonehelper.ca\/wp-content\/uploads\/2023\/09\/bee-flower.jpg 800w\" sizes=\"(max-width: 300px) 100vw, 300px\" \/>\n\t\t\t<\/div><\/figure>\n\t\t<\/div>\n\t\t<\/div>\n\t\t\t\t\t\t<\/div>\n\t\t\t\t<\/div>\n\t\t\t\t<\/div>\n\t\t\t\t<\/div>\n\t\t","protected":false},"excerpt":{"rendered":"<p>THE IDEA GROUP \u00c0 propos de nous Chez Intko Supply Ltd., nous sommes une entreprise leader et bien \u00e9tablie sp\u00e9cialis\u00e9e dans la fabrication, la distribution et la tenue de stocks de produits uniques et de qualit\u00e9 sup\u00e9rieure \u00e0 base de ph\u00e9romones pour l&rsquo;industrie apicole ainsi que de pi\u00e8ges \u00e0 insectes pour les propri\u00e9taires. L&rsquo;entreprise a [&hellip;]<\/p>\n","protected":false},"author":3,"featured_media":0,"parent":0,"menu_order":0,"comment_status":"closed","ping_status":"closed","template":"elementor_header_footer","meta":{"footnotes":""},"class_list":["post-2767","page","type-page","status-publish","hentry"],"_links":{"self":[{"href":"https:\/\/pheromonehelper.ca\/fr\/wp-json\/wp\/v2\/pages\/2767","targetHints":{"allow":["GET"]}}],"collection":[{"href":"https:\/\/pheromonehelper.ca\/fr\/wp-json\/wp\/v2\/pages"}],"about":[{"href":"https:\/\/pheromonehelper.ca\/fr\/wp-json\/wp\/v2\/types\/page"}],"author":[{"embeddable":true,"href":"https:\/\/pheromonehelper.ca\/fr\/wp-json\/wp\/v2\/users\/3"}],"replies":[{"embeddable":true,"href":"https:\/\/pheromonehelper.ca\/fr\/wp-json\/wp\/v2\/comments?post=2767"}],"version-history":[{"count":2,"href":"https:\/\/pheromonehelper.ca\/fr\/wp-json\/wp\/v2\/pages\/2767\/revisions"}],"predecessor-version":[{"id":4251,"href":"https:\/\/pheromonehelper.ca\/fr\/wp-json\/wp\/v2\/pages\/2767\/revisions\/4251"}],"wp:attachment":[{"href":"https:\/\/pheromonehelper.ca\/fr\/wp-json\/wp\/v2\/media?parent=2767"}],"curies":[{"name":"wp","href":"https:\/\/api.w.org\/{rel}","templated":true}]}}